{"id":2799,"date":"2023-11-06T15:12:12","date_gmt":"2023-11-06T14:12:12","guid":{"rendered":"https:\/\/www.seguin-moreau.fr\/plan-du-site\/"},"modified":"2024-03-08T15:18:15","modified_gmt":"2024-03-08T14:18:15","slug":"site-plan","status":"publish","type":"page","link":"https:\/\/www.seguin-moreau.fr\/zh-hans\/site-plan\/","title":{"rendered":"\u7f51\u7ad9\u6897\u6982"},"content":{"rendered":"<p><strong><div id=\"wp-realtime-sitemap-pages\"><h3>\u9875\u6570<\/h3><ul><li class=\"page_item page-item-3658\"><a href=\"https:\/\/www.seguin-moreau.fr\/zh-hans\/settings-cookies\/\">Cookie \u8bbe\u7f6e<\/a><\/li>\n<li class=\"page_item page-item-2793\"><a href=\"https:\/\/www.seguin-moreau.fr\/zh-hans\/newsletter\/\">\u4e86\u89e3\u6211\u4eec\u7684\u76f8\u5173\u65b0\u95fb<\/a><\/li>\n<li class=\"page_item page-item-2749 page_item_has_children\"><a href=\"https:\/\/www.seguin-moreau.fr\/zh-hans\/innovation\/\">\u521b\u65b0<\/a>\n<ul class='children'>\n\t<li class=\"page_item page-item-2752\"><a href=\"https:\/\/www.seguin-moreau.fr\/zh-hans\/innovation\/from-forest-to-product\/\">\u4ece\u68ee\u6797\u5230\u4ea7\u54c1<\/a><\/li>\n\t<li class=\"page_item page-item-2755\"><a href=\"https:\/\/www.seguin-moreau.fr\/zh-hans\/innovation\/scientific-approach\/\">\u521b\u65b0\u6d41\u7a0b<\/a><\/li>\n\t<li class=\"page_item page-item-2758\"><a href=\"https:\/\/www.seguin-moreau.fr\/zh-hans\/innovation\/our-patents-and-publications\/\">\u6211\u4eec\u7684\u4e13\u5229\u4e0e\u4fe1\u606f\u53d1\u5e03<\/a><\/li>\n<\/ul>\n<\/li>\n<li class=\"page_item page-item-2746 page_item_has_children\"><a href=\"https:\/\/www.seguin-moreau.fr\/zh-hans\/the-cooperage\/\">\u5236\u6876\u4e1a<\/a>\n<ul class='children'>\n\t<li class=\"page_item page-item-2737\"><a href=\"https:\/\/www.seguin-moreau.fr\/zh-hans\/the-cooperage\/history\/\">\u5386\u53f2<\/a><\/li>\n\t<li class=\"page_item page-item-2734\"><a href=\"https:\/\/www.seguin-moreau.fr\/zh-hans\/the-cooperage\/pioneer-since-1838\/\">\u59cb\u4e8e1838\u5e74\u7684\u884c\u4e1a\u5148\u950b<\/a><\/li>\n\t<li class=\"page_item page-item-2740\"><a href=\"https:\/\/www.seguin-moreau.fr\/zh-hans\/the-cooperage\/our-commitments\/\">\u6211\u4eec\u7684\u627f\u8bfa<\/a><\/li>\n\t<li class=\"page_item page-item-2743\"><a href=\"https:\/\/www.seguin-moreau.fr\/zh-hans\/the-cooperage\/expertise\/\">\u6280\u827a<\/a><\/li>\n<\/ul>\n<\/li>\n<li class=\"page_item page-item-302\"><a href=\"https:\/\/www.seguin-moreau.fr\/zh-hans\/\">\u5723\u54e5\u5b89\u6a61\u6728\u6876\u516c\u53f8<\/a><\/li>\n<li class=\"page_item page-item-2785\"><a href=\"https:\/\/www.seguin-moreau.fr\/zh-hans\/advice\/\">\u5efa\u8bae<\/a><\/li>\n<li class=\"page_item page-item-2787 page_item_has_children current_page_parent\"><a href=\"https:\/\/www.seguin-moreau.fr\/zh-hans\/news\/\">\u65b0\u95fb<\/a>\n<ul class='children'>\n\t<li class=\"page_item page-item-2790\"><a href=\"https:\/\/www.seguin-moreau.fr\/zh-hans\/news\/join-us\/\">\u52a0\u5165\u6211\u4eec<\/a><\/li>\n<\/ul>\n<\/li>\n<li class=\"page_item page-item-2713\"><a href=\"https:\/\/www.seguin-moreau.fr\/zh-hans\/legal-terms\/\">\u6cd5\u5f8b\u58f0\u660e\u53ca\u4e00\u822c\u4f7f\u7528\u6761\u6b3e\u548c\u6761\u4ef6<\/a><\/li>\n<li class=\"page_item page-item-2773 page_item_has_children\"><a href=\"https:\/\/www.seguin-moreau.fr\/zh-hans\/spirits-ranges\/\">\u70c8\u9152\u7cfb\u5217<\/a>\n<ul class='children'>\n\t<li class=\"page_item page-item-2782\"><a href=\"https:\/\/www.seguin-moreau.fr\/zh-hans\/spirits-ranges\/alternatives-spirits\/\">\u66ff\u4ee3\u4ea7\u54c1<\/a><\/li>\n\t<li class=\"page_item page-item-2776\"><a href=\"https:\/\/www.seguin-moreau.fr\/zh-hans\/spirits-ranges\/barrels-spirits\/\">\u6a61\u6728\u6876<\/a><\/li>\n\t<li class=\"page_item page-item-2779\"><a href=\"https:\/\/www.seguin-moreau.fr\/zh-hans\/spirits-ranges\/large-containers-spirits\/\">\u8d85\u5927\u9152\u6876<\/a><\/li>\n<\/ul>\n<\/li>\n<li class=\"page_item page-item-2799\"><a href=\"https:\/\/www.seguin-moreau.fr\/zh-hans\/site-plan\/\">\u7f51\u7ad9\u6897\u6982<\/a><\/li>\n<li class=\"page_item page-item-2796\"><a href=\"https:\/\/www.seguin-moreau.fr\/zh-hans\/contact\/\">\u8054\u7cfb\u65b9\u5f0f<\/a><\/li>\n<li class=\"page_item page-item-2761 page_item_has_children\"><a href=\"https:\/\/www.seguin-moreau.fr\/zh-hans\/wine-ranges\/\">\u8461\u8404\u9152\u7cfb\u5217<\/a>\n<ul class='children'>\n\t<li class=\"page_item page-item-2767\"><a href=\"https:\/\/www.seguin-moreau.fr\/zh-hans\/wine-ranges\/large-containers-wine\/\">\u5927\u6876<\/a><\/li>\n\t<li class=\"page_item page-item-2770\"><a href=\"https:\/\/www.seguin-moreau.fr\/zh-hans\/wine-ranges\/alternatives-wine\/\">\u6a61\u6728\u5236\u54c1<\/a><\/li>\n\t<li class=\"page_item page-item-2764\"><a href=\"https:\/\/www.seguin-moreau.fr\/zh-hans\/wine-ranges\/barrels-wine\/\">\u6a61\u6728\u6876<\/a><\/li>\n<\/ul>\n<\/li>\n<li class=\"page_item page-item-2716\"><a href=\"https:\/\/www.seguin-moreau.fr\/zh-hans\/privacy-policy\/\">\u9690\u79c1\u653f\u7b56<\/a><\/li>\n<\/ul><\/div><div id=\"wp-realtime-sitemap-posts\"><h3>\u65b0\u95fb<\/h3><ul><li><a href=\"https:\/\/www.seguin-moreau.fr\/zh-hans\/seguin-moreau-maison-psyche\/\" title=\"Permalink to Seguin Moreau &#038; Maison Psych\u00e9\" rel=\"bookmark\">Seguin Moreau &#038; Maison Psych\u00e9<\/a><\/li><li><a href=\"https:\/\/www.seguin-moreau.fr\/zh-hans\/galileoak-mis-a-lhonneur-dans-le-figaro-magazine\/\" title=\"Permalink to Galileoak mis \u00e0 l&#8217;honneur dans le Figaro Magazine\" rel=\"bookmark\">Galileoak mis \u00e0 l&#8217;honneur dans le Figaro Magazine<\/a><\/li><li><a href=\"https:\/\/www.seguin-moreau.fr\/zh-hans\/index-egalite-femmes-hommes-2022\/\" title=\"Permalink to Index \u00e9galit\u00e9 Femmes-Hommes 2022\" rel=\"bookmark\">Index \u00e9galit\u00e9 Femmes-Hommes 2022<\/a><\/li><li><a href=\"https:\/\/www.seguin-moreau.fr\/zh-hans\/lamont-de-la-filiere\/\" title=\"Permalink to L&#8217;amont de la fili\u00e8re\" rel=\"bookmark\">L&#8217;amont de la fili\u00e8re<\/a><\/li><li><a href=\"https:\/\/www.seguin-moreau.fr\/zh-hans\/seguin-moreau-present-au-mondial-du-rhum\/\" title=\"Permalink to Seguin Moreau pr\u00e9sent au Mondial du Rhum\" rel=\"bookmark\">Seguin Moreau pr\u00e9sent au Mondial du Rhum<\/a><\/li><li><a href=\"https:\/\/www.seguin-moreau.fr\/zh-hans\/celebrations-de-nos-medailles\/\" title=\"Permalink to C\u00e9l\u00e9brations de nos m\u00e9daill\u00e9s !\" rel=\"bookmark\">C\u00e9l\u00e9brations de nos m\u00e9daill\u00e9s !<\/a><\/li><li><a href=\"https:\/\/www.seguin-moreau.fr\/zh-hans\/handicap-emploi-chez-seguin-moreau\/\" title=\"Permalink to Handicap &#038; Emploi chez Seguin Moreau\" rel=\"bookmark\">Handicap &#038; Emploi chez Seguin Moreau<\/a><\/li><li><a href=\"https:\/\/www.seguin-moreau.fr\/zh-hans\/index-egalite-femmes-hommes-2023\/\" title=\"Permalink to INDEX \u00c9GALIT\u00c9 FEMMES-HOMMES 2023\" rel=\"bookmark\">INDEX \u00c9GALIT\u00c9 FEMMES-HOMMES 2023<\/a><\/li><\/ul><\/div><div id=\"wp-realtime-sitemap-conseil\"><h3>\u5efa\u8bae<\/h3><ul><li><a href=\"https:\/\/www.seguin-moreau.fr\/zh-hans\/advice\/defoncage-et-refoncage\/\" title=\"Permalink to \u6876\u5e95\u7684\u62c6\u5378\u548c\u91cd\u88c5\" rel=\"bookmark\">\u6876\u5e95\u7684\u62c6\u5378\u548c\u91cd\u88c5<\/a><\/li><li><a href=\"https:\/\/www.seguin-moreau.fr\/zh-hans\/advice\/reparer-une-fuite\/\" title=\"Permalink to \u4fee\u590d\u6876\u4e2d\u7684\u6cc4\u6f0f\" rel=\"bookmark\">\u4fee\u590d\u6876\u4e2d\u7684\u6cc4\u6f0f<\/a><\/li><li><a href=\"https:\/\/www.seguin-moreau.fr\/zh-hans\/advice\/seconde-vie-barrique\/\" title=\"Permalink to \u5ef6\u957f\u9152\u6876\u7684\u4f7f\u7528\u5bff\u547d\uff01\" rel=\"bookmark\">\u5ef6\u957f\u9152\u6876\u7684\u4f7f\u7528\u5bff\u547d\uff01<\/a><\/li><li><a href=\"https:\/\/www.seguin-moreau.fr\/zh-hans\/advice\/mise-en-service-barriques\/\" title=\"Permalink to \u65b0\u6876\u7684\u4f7f\u7528\u5efa\u8bae\" rel=\"bookmark\">\u65b0\u6876\u7684\u4f7f\u7528\u5efa\u8bae<\/a><\/li><\/ul><\/div><\/strong><\/p>\n","protected":false},"excerpt":{"rendered":"","protected":false},"author":1,"featured_media":0,"parent":0,"menu_order":9,"comment_status":"closed","ping_status":"closed","template":"","meta":{"_acf_changed":false,"inline_featured_image":false,"footnotes":""},"class_list":["post-2799","page","type-page","status-publish","hentry"],"acf":[],"yoast_head":"<!-- This site is optimized with the Yoast SEO plugin v26.8 - https:\/\/yoast.com\/product\/yoast-seo-wordpress\/ -->\n<title>\u7f51\u7ad9\u6897\u6982 - Seguin Moreau<\/title>\n<meta name=\"robots\" content=\"index, follow, max-snippet:-1, max-image-preview:large, max-video-preview:-1\" \/>\n<link rel=\"canonical\" href=\"https:\/\/www.seguin-moreau.fr\/zh-hans\/site-plan\/\" \/>\n<meta property=\"og:locale\" content=\"zh_CN\" \/>\n<meta property=\"og:type\" content=\"article\" \/>\n<meta property=\"og:title\" content=\"\u7f51\u7ad9\u6897\u6982 - Seguin Moreau\" \/>\n<meta property=\"og:url\" content=\"https:\/\/www.seguin-moreau.fr\/zh-hans\/site-plan\/\" \/>\n<meta property=\"og:site_name\" content=\"Seguin Moreau\" \/>\n<meta property=\"article:modified_time\" content=\"2024-03-08T14:18:15+00:00\" \/>\n<meta name=\"twitter:card\" content=\"summary_large_image\" \/>\n<meta name=\"twitter:label1\" content=\"\u9884\u8ba1\u9605\u8bfb\u65f6\u95f4\" \/>\n\t<meta name=\"twitter:data1\" content=\"1 \u5206\" \/>\n<script type=\"application\/ld+json\" class=\"yoast-schema-graph\">{\"@context\":\"https:\/\/schema.org\",\"@graph\":[{\"@type\":\"WebPage\",\"@id\":\"https:\/\/www.seguin-moreau.fr\/zh-hans\/site-plan\/\",\"url\":\"https:\/\/www.seguin-moreau.fr\/zh-hans\/site-plan\/\",\"name\":\"\u7f51\u7ad9\u6897\u6982 - Seguin Moreau\",\"isPartOf\":{\"@id\":\"https:\/\/www.seguin-moreau.fr\/zh-hans\/#website\"},\"datePublished\":\"2023-11-06T14:12:12+00:00\",\"dateModified\":\"2024-03-08T14:18:15+00:00\",\"breadcrumb\":{\"@id\":\"https:\/\/www.seguin-moreau.fr\/zh-hans\/site-plan\/#breadcrumb\"},\"inLanguage\":\"zh-Hans\",\"potentialAction\":[{\"@type\":\"ReadAction\",\"target\":[\"https:\/\/www.seguin-moreau.fr\/zh-hans\/site-plan\/\"]}]},{\"@type\":\"BreadcrumbList\",\"@id\":\"https:\/\/www.seguin-moreau.fr\/zh-hans\/site-plan\/#breadcrumb\",\"itemListElement\":[{\"@type\":\"ListItem\",\"position\":1,\"name\":\"Accueil\",\"item\":\"https:\/\/www.seguin-moreau.fr\/zh-hans\/\"},{\"@type\":\"ListItem\",\"position\":2,\"name\":\"\u7f51\u7ad9\u6897\u6982\"}]},{\"@type\":\"WebSite\",\"@id\":\"https:\/\/www.seguin-moreau.fr\/zh-hans\/#website\",\"url\":\"https:\/\/www.seguin-moreau.fr\/zh-hans\/\",\"name\":\"Seguin Moreau\",\"description\":\"La tonnellerie qui allie savoir-faire artisanal et innovation \u00e0 Cognac.\",\"publisher\":{\"@id\":\"https:\/\/www.seguin-moreau.fr\/zh-hans\/#organization\"},\"potentialAction\":[{\"@type\":\"SearchAction\",\"target\":{\"@type\":\"EntryPoint\",\"urlTemplate\":\"https:\/\/www.seguin-moreau.fr\/zh-hans\/?s={search_term_string}\"},\"query-input\":{\"@type\":\"PropertyValueSpecification\",\"valueRequired\":true,\"valueName\":\"search_term_string\"}}],\"inLanguage\":\"zh-Hans\"},{\"@type\":\"Organization\",\"@id\":\"https:\/\/www.seguin-moreau.fr\/zh-hans\/#organization\",\"name\":\"Seguin Moreau\",\"url\":\"https:\/\/www.seguin-moreau.fr\/zh-hans\/\",\"logo\":{\"@type\":\"ImageObject\",\"inLanguage\":\"zh-Hans\",\"@id\":\"https:\/\/www.seguin-moreau.fr\/zh-hans\/#\/schema\/logo\/image\/\",\"url\":\"https:\/\/www.seguin-moreau.fr\/wp-content\/uploads\/2023\/01\/004-terre.png\",\"contentUrl\":\"https:\/\/www.seguin-moreau.fr\/wp-content\/uploads\/2023\/01\/004-terre.png\",\"width\":512,\"height\":512,\"caption\":\"Seguin Moreau\"},\"image\":{\"@id\":\"https:\/\/www.seguin-moreau.fr\/zh-hans\/#\/schema\/logo\/image\/\"}}]}<\/script>\n<!-- \/ Yoast SEO plugin. -->","yoast_head_json":{"title":"\u7f51\u7ad9\u6897\u6982 - Seguin Moreau","robots":{"index":"index","follow":"follow","max-snippet":"max-snippet:-1","max-image-preview":"max-image-preview:large","max-video-preview":"max-video-preview:-1"},"canonical":"https:\/\/www.seguin-moreau.fr\/zh-hans\/site-plan\/","og_locale":"zh_CN","og_type":"article","og_title":"\u7f51\u7ad9\u6897\u6982 - Seguin Moreau","og_url":"https:\/\/www.seguin-moreau.fr\/zh-hans\/site-plan\/","og_site_name":"Seguin Moreau","article_modified_time":"2024-03-08T14:18:15+00:00","twitter_card":"summary_large_image","twitter_misc":{"\u9884\u8ba1\u9605\u8bfb\u65f6\u95f4":"1 \u5206"},"schema":{"@context":"https:\/\/schema.org","@graph":[{"@type":"WebPage","@id":"https:\/\/www.seguin-moreau.fr\/zh-hans\/site-plan\/","url":"https:\/\/www.seguin-moreau.fr\/zh-hans\/site-plan\/","name":"\u7f51\u7ad9\u6897\u6982 - Seguin Moreau","isPartOf":{"@id":"https:\/\/www.seguin-moreau.fr\/zh-hans\/#website"},"datePublished":"2023-11-06T14:12:12+00:00","dateModified":"2024-03-08T14:18:15+00:00","breadcrumb":{"@id":"https:\/\/www.seguin-moreau.fr\/zh-hans\/site-plan\/#breadcrumb"},"inLanguage":"zh-Hans","potentialAction":[{"@type":"ReadAction","target":["https:\/\/www.seguin-moreau.fr\/zh-hans\/site-plan\/"]}]},{"@type":"BreadcrumbList","@id":"https:\/\/www.seguin-moreau.fr\/zh-hans\/site-plan\/#breadcrumb","itemListElement":[{"@type":"ListItem","position":1,"name":"Accueil","item":"https:\/\/www.seguin-moreau.fr\/zh-hans\/"},{"@type":"ListItem","position":2,"name":"\u7f51\u7ad9\u6897\u6982"}]},{"@type":"WebSite","@id":"https:\/\/www.seguin-moreau.fr\/zh-hans\/#website","url":"https:\/\/www.seguin-moreau.fr\/zh-hans\/","name":"Seguin Moreau","description":"La tonnellerie qui allie savoir-faire artisanal et innovation \u00e0 Cognac.","publisher":{"@id":"https:\/\/www.seguin-moreau.fr\/zh-hans\/#organization"},"potentialAction":[{"@type":"SearchAction","target":{"@type":"EntryPoint","urlTemplate":"https:\/\/www.seguin-moreau.fr\/zh-hans\/?s={search_term_string}"},"query-input":{"@type":"PropertyValueSpecification","valueRequired":true,"valueName":"search_term_string"}}],"inLanguage":"zh-Hans"},{"@type":"Organization","@id":"https:\/\/www.seguin-moreau.fr\/zh-hans\/#organization","name":"Seguin Moreau","url":"https:\/\/www.seguin-moreau.fr\/zh-hans\/","logo":{"@type":"ImageObject","inLanguage":"zh-Hans","@id":"https:\/\/www.seguin-moreau.fr\/zh-hans\/#\/schema\/logo\/image\/","url":"https:\/\/www.seguin-moreau.fr\/wp-content\/uploads\/2023\/01\/004-terre.png","contentUrl":"https:\/\/www.seguin-moreau.fr\/wp-content\/uploads\/2023\/01\/004-terre.png","width":512,"height":512,"caption":"Seguin Moreau"},"image":{"@id":"https:\/\/www.seguin-moreau.fr\/zh-hans\/#\/schema\/logo\/image\/"}}]}},"_links":{"self":[{"href":"https:\/\/www.seguin-moreau.fr\/zh-hans\/wp-json\/wp\/v2\/pages\/2799","targetHints":{"allow":["GET"]}}],"collection":[{"href":"https:\/\/www.seguin-moreau.fr\/zh-hans\/wp-json\/wp\/v2\/pages"}],"about":[{"href":"https:\/\/www.seguin-moreau.fr\/zh-hans\/wp-json\/wp\/v2\/types\/page"}],"author":[{"embeddable":true,"href":"https:\/\/www.seguin-moreau.fr\/zh-hans\/wp-json\/wp\/v2\/users\/1"}],"replies":[{"embeddable":true,"href":"https:\/\/www.seguin-moreau.fr\/zh-hans\/wp-json\/wp\/v2\/comments?post=2799"}],"version-history":[{"count":2,"href":"https:\/\/www.seguin-moreau.fr\/zh-hans\/wp-json\/wp\/v2\/pages\/2799\/revisions"}],"predecessor-version":[{"id":3632,"href":"https:\/\/www.seguin-moreau.fr\/zh-hans\/wp-json\/wp\/v2\/pages\/2799\/revisions\/3632"}],"wp:attachment":[{"href":"https:\/\/www.seguin-moreau.fr\/zh-hans\/wp-json\/wp\/v2\/media?parent=2799"}],"curies":[{"name":"wp","href":"https:\/\/api.w.org\/{rel}","templated":true}]}}