{"id":2780,"date":"2023-10-06T15:34:16","date_gmt":"2023-10-06T13:34:16","guid":{"rendered":"https:\/\/www.seguin-moreau.fr\/les-gammes-spiritueux\/grands-contenants-spiritueux\/"},"modified":"2025-02-12T14:41:37","modified_gmt":"2025-02-12T13:41:37","slug":"grandi-contenitori-distillati","status":"publish","type":"page","link":"https:\/\/www.seguin-moreau.fr\/it\/gamme-di-liquori\/grandi-contenitori-distillati\/","title":{"rendered":"Grandi contenitori"},"content":{"rendered":"<p style=\"text-align: center;\">\u00c0 Cognac, la nostra tonnellerie artigianale propone <strong>foudre e tini per distillati<\/strong> realizzati in <strong>rovere francese<\/strong>, con in opzione la <strong>certificazione PEFC<\/strong>.<\/p>\n","protected":false},"excerpt":{"rendered":"<p>Bottificio in attivit\u00e0 a Cognac gi\u00e0 da 1877, SEGUIN MOREAU ha saputo ampliare la sua attivit\u00e0, specializzandosi nella produzione di contenitori di grandi dimensioni per il mercato dei distillati: cognac, armagnac, rum,..<\/p>\n","protected":false},"author":1,"featured_media":1523,"parent":2774,"menu_order":0,"comment_status":"closed","ping_status":"closed","template":"","meta":{"_acf_changed":false,"inline_featured_image":false,"footnotes":""},"class_list":["post-2780","page","type-page","status-publish","has-post-thumbnail","hentry"],"acf":[],"yoast_head":"<!-- This site is optimized with the Yoast SEO plugin v26.8 - https:\/\/yoast.com\/product\/yoast-seo-wordpress\/ -->\n<title>Tini e foudre in legno per distillati: una gamma completa - Seguin Moreau<\/title>\n<meta name=\"description\" content=\"I nostri tini e grandi botti in rovere francese per distillati beneficiano del know-how ancestrale dei nostri bottai. Scoprite le nostre gamme.\" \/>\n<meta name=\"robots\" content=\"index, follow, max-snippet:-1, max-image-preview:large, max-video-preview:-1\" \/>\n<link rel=\"canonical\" href=\"https:\/\/www.seguin-moreau.fr\/it\/gamme-di-liquori\/grandi-contenitori-distillati\/\" \/>\n<meta property=\"og:locale\" content=\"it_IT\" \/>\n<meta property=\"og:type\" content=\"article\" \/>\n<meta property=\"og:title\" content=\"Tini e foudre in legno per distillati: una gamma completa - Seguin Moreau\" \/>\n<meta property=\"og:description\" content=\"I nostri tini e grandi botti in rovere francese per distillati beneficiano del know-how ancestrale dei nostri bottai. Scoprite le nostre gamme.\" \/>\n<meta property=\"og:url\" content=\"https:\/\/www.seguin-moreau.fr\/it\/gamme-di-liquori\/grandi-contenitori-distillati\/\" \/>\n<meta property=\"og:site_name\" content=\"Seguin Moreau\" \/>\n<meta property=\"article:modified_time\" content=\"2025-02-12T13:41:37+00:00\" \/>\n<meta property=\"og:image\" content=\"https:\/\/www.seguin-moreau.fr\/wp-content\/uploads\/2023\/11\/Grands_contenants_spiritueux_header-1024x683.jpeg\" \/>\n\t<meta property=\"og:image:width\" content=\"1024\" \/>\n\t<meta property=\"og:image:height\" content=\"683\" \/>\n\t<meta property=\"og:image:type\" content=\"image\/jpeg\" \/>\n<meta name=\"twitter:card\" content=\"summary_large_image\" \/>\n<meta name=\"twitter:label1\" content=\"Tempo di lettura stimato\" \/>\n\t<meta name=\"twitter:data1\" content=\"1 minuto\" \/>\n<script type=\"application\/ld+json\" class=\"yoast-schema-graph\">{\"@context\":\"https:\/\/schema.org\",\"@graph\":[{\"@type\":\"WebPage\",\"@id\":\"https:\/\/www.seguin-moreau.fr\/it\/gamme-di-liquori\/grandi-contenitori-distillati\/\",\"url\":\"https:\/\/www.seguin-moreau.fr\/it\/gamme-di-liquori\/grandi-contenitori-distillati\/\",\"name\":\"Tini e foudre in legno per distillati: una gamma completa - Seguin Moreau\",\"isPartOf\":{\"@id\":\"https:\/\/www.seguin-moreau.fr\/it\/#website\"},\"primaryImageOfPage\":{\"@id\":\"https:\/\/www.seguin-moreau.fr\/it\/gamme-di-liquori\/grandi-contenitori-distillati\/#primaryimage\"},\"image\":{\"@id\":\"https:\/\/www.seguin-moreau.fr\/it\/gamme-di-liquori\/grandi-contenitori-distillati\/#primaryimage\"},\"thumbnailUrl\":\"https:\/\/www.seguin-moreau.fr\/wp-content\/uploads\/2023\/11\/Grands_contenants_spiritueux_header.jpeg\",\"datePublished\":\"2023-10-06T13:34:16+00:00\",\"dateModified\":\"2025-02-12T13:41:37+00:00\",\"description\":\"I nostri tini e grandi botti in rovere francese per distillati beneficiano del know-how ancestrale dei nostri bottai. Scoprite le nostre gamme.\",\"breadcrumb\":{\"@id\":\"https:\/\/www.seguin-moreau.fr\/it\/gamme-di-liquori\/grandi-contenitori-distillati\/#breadcrumb\"},\"inLanguage\":\"it-IT\",\"potentialAction\":[{\"@type\":\"ReadAction\",\"target\":[\"https:\/\/www.seguin-moreau.fr\/it\/gamme-di-liquori\/grandi-contenitori-distillati\/\"]}]},{\"@type\":\"ImageObject\",\"inLanguage\":\"it-IT\",\"@id\":\"https:\/\/www.seguin-moreau.fr\/it\/gamme-di-liquori\/grandi-contenitori-distillati\/#primaryimage\",\"url\":\"https:\/\/www.seguin-moreau.fr\/wp-content\/uploads\/2023\/11\/Grands_contenants_spiritueux_header.jpeg\",\"contentUrl\":\"https:\/\/www.seguin-moreau.fr\/wp-content\/uploads\/2023\/11\/Grands_contenants_spiritueux_header.jpeg\",\"width\":2560,\"height\":1707},{\"@type\":\"BreadcrumbList\",\"@id\":\"https:\/\/www.seguin-moreau.fr\/it\/gamme-di-liquori\/grandi-contenitori-distillati\/#breadcrumb\",\"itemListElement\":[{\"@type\":\"ListItem\",\"position\":1,\"name\":\"Accueil\",\"item\":\"https:\/\/www.seguin-moreau.fr\/it\/\"},{\"@type\":\"ListItem\",\"position\":2,\"name\":\"Gamme di liquori\",\"item\":\"https:\/\/www.seguin-moreau.fr\/it\/gamme-di-liquori\/\"},{\"@type\":\"ListItem\",\"position\":3,\"name\":\"Grandi contenitori\"}]},{\"@type\":\"WebSite\",\"@id\":\"https:\/\/www.seguin-moreau.fr\/it\/#website\",\"url\":\"https:\/\/www.seguin-moreau.fr\/it\/\",\"name\":\"Seguin Moreau\",\"description\":\"La tonnellerie qui allie savoir-faire artisanal et innovation \u00e0 Cognac.\",\"publisher\":{\"@id\":\"https:\/\/www.seguin-moreau.fr\/it\/#organization\"},\"potentialAction\":[{\"@type\":\"SearchAction\",\"target\":{\"@type\":\"EntryPoint\",\"urlTemplate\":\"https:\/\/www.seguin-moreau.fr\/it\/?s={search_term_string}\"},\"query-input\":{\"@type\":\"PropertyValueSpecification\",\"valueRequired\":true,\"valueName\":\"search_term_string\"}}],\"inLanguage\":\"it-IT\"},{\"@type\":\"Organization\",\"@id\":\"https:\/\/www.seguin-moreau.fr\/it\/#organization\",\"name\":\"Seguin Moreau\",\"url\":\"https:\/\/www.seguin-moreau.fr\/it\/\",\"logo\":{\"@type\":\"ImageObject\",\"inLanguage\":\"it-IT\",\"@id\":\"https:\/\/www.seguin-moreau.fr\/it\/#\/schema\/logo\/image\/\",\"url\":\"https:\/\/www.seguin-moreau.fr\/wp-content\/uploads\/2023\/01\/004-terre.png\",\"contentUrl\":\"https:\/\/www.seguin-moreau.fr\/wp-content\/uploads\/2023\/01\/004-terre.png\",\"width\":512,\"height\":512,\"caption\":\"Seguin Moreau\"},\"image\":{\"@id\":\"https:\/\/www.seguin-moreau.fr\/it\/#\/schema\/logo\/image\/\"}}]}<\/script>\n<!-- \/ Yoast SEO plugin. -->","yoast_head_json":{"title":"Tini e foudre in legno per distillati: una gamma completa - Seguin Moreau","description":"I nostri tini e grandi botti in rovere francese per distillati beneficiano del know-how ancestrale dei nostri bottai. Scoprite le nostre gamme.","robots":{"index":"index","follow":"follow","max-snippet":"max-snippet:-1","max-image-preview":"max-image-preview:large","max-video-preview":"max-video-preview:-1"},"canonical":"https:\/\/www.seguin-moreau.fr\/it\/gamme-di-liquori\/grandi-contenitori-distillati\/","og_locale":"it_IT","og_type":"article","og_title":"Tini e foudre in legno per distillati: una gamma completa - Seguin Moreau","og_description":"I nostri tini e grandi botti in rovere francese per distillati beneficiano del know-how ancestrale dei nostri bottai. Scoprite le nostre gamme.","og_url":"https:\/\/www.seguin-moreau.fr\/it\/gamme-di-liquori\/grandi-contenitori-distillati\/","og_site_name":"Seguin Moreau","article_modified_time":"2025-02-12T13:41:37+00:00","og_image":[{"width":1024,"height":683,"url":"https:\/\/www.seguin-moreau.fr\/wp-content\/uploads\/2023\/11\/Grands_contenants_spiritueux_header-1024x683.jpeg","type":"image\/jpeg"}],"twitter_card":"summary_large_image","twitter_misc":{"Tempo di lettura stimato":"1 minuto"},"schema":{"@context":"https:\/\/schema.org","@graph":[{"@type":"WebPage","@id":"https:\/\/www.seguin-moreau.fr\/it\/gamme-di-liquori\/grandi-contenitori-distillati\/","url":"https:\/\/www.seguin-moreau.fr\/it\/gamme-di-liquori\/grandi-contenitori-distillati\/","name":"Tini e foudre in legno per distillati: una gamma completa - Seguin Moreau","isPartOf":{"@id":"https:\/\/www.seguin-moreau.fr\/it\/#website"},"primaryImageOfPage":{"@id":"https:\/\/www.seguin-moreau.fr\/it\/gamme-di-liquori\/grandi-contenitori-distillati\/#primaryimage"},"image":{"@id":"https:\/\/www.seguin-moreau.fr\/it\/gamme-di-liquori\/grandi-contenitori-distillati\/#primaryimage"},"thumbnailUrl":"https:\/\/www.seguin-moreau.fr\/wp-content\/uploads\/2023\/11\/Grands_contenants_spiritueux_header.jpeg","datePublished":"2023-10-06T13:34:16+00:00","dateModified":"2025-02-12T13:41:37+00:00","description":"I nostri tini e grandi botti in rovere francese per distillati beneficiano del know-how ancestrale dei nostri bottai. Scoprite le nostre gamme.","breadcrumb":{"@id":"https:\/\/www.seguin-moreau.fr\/it\/gamme-di-liquori\/grandi-contenitori-distillati\/#breadcrumb"},"inLanguage":"it-IT","potentialAction":[{"@type":"ReadAction","target":["https:\/\/www.seguin-moreau.fr\/it\/gamme-di-liquori\/grandi-contenitori-distillati\/"]}]},{"@type":"ImageObject","inLanguage":"it-IT","@id":"https:\/\/www.seguin-moreau.fr\/it\/gamme-di-liquori\/grandi-contenitori-distillati\/#primaryimage","url":"https:\/\/www.seguin-moreau.fr\/wp-content\/uploads\/2023\/11\/Grands_contenants_spiritueux_header.jpeg","contentUrl":"https:\/\/www.seguin-moreau.fr\/wp-content\/uploads\/2023\/11\/Grands_contenants_spiritueux_header.jpeg","width":2560,"height":1707},{"@type":"BreadcrumbList","@id":"https:\/\/www.seguin-moreau.fr\/it\/gamme-di-liquori\/grandi-contenitori-distillati\/#breadcrumb","itemListElement":[{"@type":"ListItem","position":1,"name":"Accueil","item":"https:\/\/www.seguin-moreau.fr\/it\/"},{"@type":"ListItem","position":2,"name":"Gamme di liquori","item":"https:\/\/www.seguin-moreau.fr\/it\/gamme-di-liquori\/"},{"@type":"ListItem","position":3,"name":"Grandi contenitori"}]},{"@type":"WebSite","@id":"https:\/\/www.seguin-moreau.fr\/it\/#website","url":"https:\/\/www.seguin-moreau.fr\/it\/","name":"Seguin Moreau","description":"La tonnellerie qui allie savoir-faire artisanal et innovation \u00e0 Cognac.","publisher":{"@id":"https:\/\/www.seguin-moreau.fr\/it\/#organization"},"potentialAction":[{"@type":"SearchAction","target":{"@type":"EntryPoint","urlTemplate":"https:\/\/www.seguin-moreau.fr\/it\/?s={search_term_string}"},"query-input":{"@type":"PropertyValueSpecification","valueRequired":true,"valueName":"search_term_string"}}],"inLanguage":"it-IT"},{"@type":"Organization","@id":"https:\/\/www.seguin-moreau.fr\/it\/#organization","name":"Seguin Moreau","url":"https:\/\/www.seguin-moreau.fr\/it\/","logo":{"@type":"ImageObject","inLanguage":"it-IT","@id":"https:\/\/www.seguin-moreau.fr\/it\/#\/schema\/logo\/image\/","url":"https:\/\/www.seguin-moreau.fr\/wp-content\/uploads\/2023\/01\/004-terre.png","contentUrl":"https:\/\/www.seguin-moreau.fr\/wp-content\/uploads\/2023\/01\/004-terre.png","width":512,"height":512,"caption":"Seguin Moreau"},"image":{"@id":"https:\/\/www.seguin-moreau.fr\/it\/#\/schema\/logo\/image\/"}}]}},"_links":{"self":[{"href":"https:\/\/www.seguin-moreau.fr\/it\/wp-json\/wp\/v2\/pages\/2780","targetHints":{"allow":["GET"]}}],"collection":[{"href":"https:\/\/www.seguin-moreau.fr\/it\/wp-json\/wp\/v2\/pages"}],"about":[{"href":"https:\/\/www.seguin-moreau.fr\/it\/wp-json\/wp\/v2\/types\/page"}],"author":[{"embeddable":true,"href":"https:\/\/www.seguin-moreau.fr\/it\/wp-json\/wp\/v2\/users\/1"}],"replies":[{"embeddable":true,"href":"https:\/\/www.seguin-moreau.fr\/it\/wp-json\/wp\/v2\/comments?post=2780"}],"version-history":[{"count":11,"href":"https:\/\/www.seguin-moreau.fr\/it\/wp-json\/wp\/v2\/pages\/2780\/revisions"}],"predecessor-version":[{"id":4329,"href":"https:\/\/www.seguin-moreau.fr\/it\/wp-json\/wp\/v2\/pages\/2780\/revisions\/4329"}],"up":[{"embeddable":true,"href":"https:\/\/www.seguin-moreau.fr\/it\/wp-json\/wp\/v2\/pages\/2774"}],"wp:featuredmedia":[{"embeddable":true,"href":"https:\/\/www.seguin-moreau.fr\/it\/wp-json\/wp\/v2\/media\/1523"}],"wp:attachment":[{"href":"https:\/\/www.seguin-moreau.fr\/it\/wp-json\/wp\/v2\/media?parent=2780"}],"curies":[{"name":"wp","href":"https:\/\/api.w.org\/{rel}","templated":true}]}}