{"id":2717,"date":"2023-11-06T10:02:04","date_gmt":"2023-11-06T09:02:04","guid":{"rendered":"https:\/\/www.seguin-moreau.fr\/politique-de-confidentialite\/"},"modified":"2024-03-05T16:48:19","modified_gmt":"2024-03-05T15:48:19","slug":"politica-sulla-riservatezza","status":"publish","type":"page","link":"https:\/\/www.seguin-moreau.fr\/it\/politica-sulla-riservatezza\/","title":{"rendered":"Politica sulla riservatezza"},"content":{"rendered":"<p style=\"text-align: left;\"><strong>INFORMATIVA SUL TRATTAMENTO DEI DATI PERSONALI <\/strong><\/p>\n<p style=\"text-align: left;\">Nell&#8217;ambito delle sue attivit\u00e0, SEGUIN MOREAU raccoglie e tratta i dati personali che vi riguardano.<\/p>\n<p style=\"text-align: left;\">La presente politica di gestione dei dati personali ha lo scopo di informarti sul trattamento dei tuoi dati personali e sui tuoi diritti relativi a tale trattamento (la \u201cPolitica sul trattamento dei dati personali\u201d).<\/p>\n<p>&nbsp;<\/p>\n<h2 style=\"text-align: left;\"><strong>1. DEFINIZIONI<\/strong><\/h2>\n<p style=\"text-align: left;\">\u201cSEGUIN MOREAU\u201d designa SEGUIN MOREAU &amp; C\u00b0, una societ\u00e0 per azioni semplificata con capitale di 4.391.268,24 Euro, con sede legale in Zone Industrielle le Petit Oumelet, 16100 Merpins \u2013 Francia, iscritta al numero 905 920 RCS Angoul\u00eame.<\/p>\n<p style=\"text-align: left;\">Per \u201cDati Personali\u201d si intende qualsiasi informazione relativa a una persona fisica che pu\u00f2 essere identificata, direttamente o indirettamente.<\/p>\n<p style=\"text-align: left;\">Per \u201cSito Web\u201d si intende il sito Web di SEGUIN MOREAU accessibile all&#8217;indirizzo <a href=\"http:\/\/www.seguin-moreau.fr\" target=\"_blank\" rel=\"noopener\">www.seguin-moreau.fr<\/a>.<\/p>\n<p>&nbsp;<\/p>\n<h2 style=\"text-align: left;\"><strong>2. CONTROLLORE<\/strong><\/h2>\n<p style=\"text-align: left;\">SEGUIN MOREAU agisce in qualit\u00e0 di responsabile del trattamento dei Dati Personali che raccoglie, in conformit\u00e0 con le norme previste dal Regolamento sulla protezione dei dati n. 2016\/679 del Parlamento Europeo e del Consiglio del 27 aprile 2016 noto come \u201cGenerale Regolamento sulla protezione dei dati\u201d e dalla legge n. 78-17 del 6 gennaio 1978 relativa all\u2019informatica, ai file e alle libert\u00e0, nota come \u201cLegge sull\u2019informatica e le libert\u00e0\u201d (il \u201c<strong>Regolamento GDPR<\/strong>\u201d).<\/p>\n<p>&nbsp;<\/p>\n<h2 style=\"text-align: left;\"><strong>3. DATI PERSONALI<\/strong><\/h2>\n<p style=\"text-align: left;\">SEGUIN MOREAU tratta principalmente i seguenti Dati Personali:<\/p>\n<ul style=\"text-align: left;\">\n<li>Dati Personali trasmessi dai clienti, intermediari, fornitori e prestatori di servizi di SEGUIN MOREAU;<\/li>\n<li>Dati personali comunicati a SEGUIN MOREAU dai candidati nell&#8217;ambito della selezione;<\/li>\n<li>Dati Personali comunicati a SEGUIN MOREAU tramite il Sito.<\/li>\n<\/ul>\n<p style=\"text-align: left;\">Tali Dati Personali potranno riguardare in particolare dati relativi ai seguenti elementi:<\/p>\n<ul style=\"text-align: left;\">\n<li style=\"list-style-type: none;\">\n<ul style=\"text-align: left;\">\n<li><u>Identit\u00e0<\/u>: cognome, nome;<\/li>\n<li><u>Dettagli di contatto<\/u>: email e numero di telefono professionale, regione, paese;<\/li>\n<li><u>Candidatura<\/u>: funzione, societ\u00e0, lingue parlate;<\/li>\n<li><u>Job application<\/u>: email, indirizzo e numero di telefono personale, foto, esperienza, competenze, livello di studio, hobby;<\/li>\n<li><u>Dati di navigazione<\/u>: indirizzo IP, dati relativi alle apparecchiature e al browser dell&#8217;utente, cookie e traccianti (per maggiori informazioni sui cookie utilizzati clicca qui)<\/li>\n<\/ul>\n<\/li>\n<\/ul>\n<h2 style=\"text-align: left;\"><strong>4. FINALIT\u00c0 \u2013 BASI GIURIDICHE<\/strong><\/h2>\n<p style=\"text-align: left;\">I Dati Personali sono raccolti e trattati per consentire a SEGUIN MOREAU di:<\/p>\n<ol style=\"text-align: left;\">\n<li>Gestire i rapporti commerciali con i propri clienti, intermediari, fornitori e prestatori di servizi;<\/li>\n<li>Gestire applicazioni;<\/li>\n<li>Comunicare informazioni relative a prodotti, servizi ed eventi di SEGUIN MOREAU;<\/li>\n<li>Rispondere alle richieste degli utenti inviate tramite il modulo di contatto del Sito e garantirne il seguito;<\/li>\n<li>Creare e gestire account cliente per gli utenti del sito web;<\/li>\n<li>Gestire e migliorare il Sito Web;<\/li>\n<li>Effettuare analisi e statistiche;<\/li>\n<\/ol>\n<p style=\"text-align: left;\">(<strong>gli obiettivi<\/strong> &#8220;).<\/p>\n<p style=\"text-align: left;\">Il trattamento di questi Dati Personali \u00e8 necessario (i) per l&#8217;esecuzione di misure contrattuali e\/o precontrattuali per le finalit\u00e0 a) e b) o (ii) al fine di soddisfare i legittimi interessi di VIVELYS per le finalit\u00e0 da c) a f ).<\/p>\n<p style=\"text-align: left;\">Il trattamento di alcuni cookie utilizzati sul Sito \u00e8 basato sul consenso dell&#8217;utente.<\/p>\n<p style=\"text-align: left;\">Nell&#8217;ambito dei suoi rapporti commerciali, SEGUIN MOREAU pu\u00f2 essere tenuta a utilizzare Dati Personali a fini di prospezione, previo consenso espresso e preventivo degli interessati.<\/p>\n<p>&nbsp;<\/p>\n<h2 style=\"text-align: left;\"><strong>5. DESTINATARI<\/strong><\/h2>\n<p style=\"text-align: left;\">I Destinatari dei Dati Personali possono essere:<\/p>\n<ul style=\"text-align: left;\">\n<li>SEGUIN MOREAU, OENEO e le sue filiali;<\/li>\n<li>i partner commerciali di SEGUIN MOREAU.<\/li>\n<\/ul>\n<p style=\"text-align: left;\">SEGUIN MOREAU pu\u00f2 avvalersi di subappaltatori per servizi tecnici specifici, ad esempio nell&#8217;ambito dell&#8217;hosting del Sito e della diffusione di comunicazioni relative ai suoi prodotti, servizi ed eventi. In questo caso, SEGUIN MOREAU regola contrattualmente le condizioni alle quali i subappaltatori possono accedere ai Dati.<\/p>\n<p style=\"text-align: left;\">Ai fini delle Finalit\u00e0, SEGUIN MOREAU potr\u00e0 trasferire i Dati Personali verso paesi esterni all\u2019Unione Europea. Ove applicabile, SEGUIN MOREAU garantir\u00e0 che tali trasferimenti siano contrattualmente regolati in conformit\u00e0 alla Normativa in vigore.<\/p>\n<p>&nbsp;<\/p>\n<h2 style=\"text-align: left;\"><strong>6. CONDIZIONI DI RACCOLTA DEI DATI<\/strong><\/h2>\n<p style=\"text-align: left;\">Sono obbligatori solo i Dati Personali (i) necessari per consentire l&#8217;esecuzione di misure precontrattuali e\/o l&#8217;instaurazione di un rapporto contrattuale o (ii) contrassegnati da asterischi sul Sito.<\/p>\n<p style=\"text-align: left;\">In mancanza di ci\u00f2, SEGUIN MOREAU non potr\u00e0 (i) concludere o eseguire il contratto n\u00e9 (ii) rispondere alle richieste n\u00e9 creare o gestire gli account cliente degli utenti del Sito.<\/p>\n<p style=\"text-align: left;\">Tutti gli altri Dati Personali sono dati facoltativi che consentono a SEGUIN MOREAU di soddisfare le Finalit\u00e0 di cui sopra.<\/p>\n<p style=\"text-align: left;\">Il trattamento dei Dati Personali effettuato da SEGUIN MOREAU non d\u00e0 luogo ad alcun processo decisionale automatizzato.<\/p>\n<p>&nbsp;<\/p>\n<h2 style=\"text-align: left;\"><strong>7. DURATA DI CONSERVAZIONE<\/strong><\/h2>\n<p style=\"text-align: left;\">I Dati Personali raccolti sono conservati per un periodo di:<\/p>\n<ul style=\"text-align: left;\">\n<li style=\"list-style-type: none;\">\n<ul style=\"text-align: left;\">\n<li>Tre (3) anni dopo la fine del rapporto commerciale e fino a cinque (5) anni ai fini della gestione del contenzioso relativo ai Dati Personali di clienti, intermediari, fornitori e prestatori di servizi;<\/li>\n<li>Sei (6) mesi dopo l&#8217;ultimo contatto con il candidato o, ove applicabile, per l&#8217;intera durata del contratto di lavoro quindi fino alla scadenza dei termini di prescrizione o delle scadenze legali applicabili ove applicabili, per i Dati Personali relativi ai candidati;<\/li>\n<li>Tre (3) anni dall&#8217;ultimo contatto per i Dati Personali degli utenti del Sito Web;<\/li>\n<li>Tredici (13) mesi dalla registrazione sul dispositivo dell&#8217;utente per i Dati Personali raccolti tramite i cookie utilizzati sul Sito.<\/li>\n<\/ul>\n<\/li>\n<\/ul>\n<h2 style=\"text-align: left;\"><strong>8. DIRITTI DEGLI INTERESSATI<\/strong><\/h2>\n<p style=\"text-align: left;\">In conformit\u00e0 al Regolamento, puoi accedere, rettificare e richiedere la cancellazione, la portabilit\u00e0 o la limitazione del trattamento dei tuoi Dati Personali inviando la tua richiesta al seguente indirizzo: <a href=\"mailto:rgpd@oeneo.com\" target=\"_blank\" rel=\"noopener\">rgpd@oeneo.com<\/a>.<\/p>\n<p style=\"text-align: left;\">Se, dopo aver esercitato i tuoi diritti presso SEGUIN MOREAU, non sei soddisfatto della risposta ricevuta, puoi inviare un reclamo alla CNIL.<\/p>\n<p style=\"text-align: left;\">Per ulteriori informazioni sui vostri diritti potete consultare il sito <a href=\"http:\/\/www.cnil.fr\" target=\"_blank\" rel=\"noopener\">www.cnil.fr<\/a>.<\/p>\n<p>&nbsp;<\/p>\n<h2 style=\"text-align: left;\"><strong>9. VERSIONE \u2013 AGGIORNAMENTO<\/strong><\/h2>\n<p style=\"text-align: left;\">La Politica sul Trattamento dei Dati Personali attualmente disponibile sul Sito \u00e8 l&#8217;unica versione applicabile fino a quando una nuova versione non la sostituir\u00e0. SEGUIN MOREAU si riserva il diritto di modificarlo o aggiornarlo in qualsiasi momento e senza preavviso.<\/p>\n","protected":false},"excerpt":{"rendered":"<p>INFORMATIVA SUL TRATTAMENTO DEI DATI PERSONALI Nell&#8217;ambito delle sue attivit\u00e0, SEGUIN MOREAU raccoglie e tratta i dati personali che vi riguardano. La presente politica di gestione dei dati personali ha lo scopo di informarti sul trattamento dei tuoi dati personali e sui tuoi diritti relativi a tale trattamento (la \u201cPolitica sul trattamento dei dati personali\u201d). [&hellip;]<\/p>\n","protected":false},"author":1,"featured_media":0,"parent":0,"menu_order":8,"comment_status":"closed","ping_status":"closed","template":"","meta":{"_acf_changed":false,"inline_featured_image":false,"footnotes":""},"class_list":["post-2717","page","type-page","status-publish","hentry"],"acf":[],"yoast_head":"<!-- This site is optimized with the Yoast SEO plugin v26.8 - https:\/\/yoast.com\/product\/yoast-seo-wordpress\/ -->\n<title>Politica sulla riservatezza - Seguin Moreau<\/title>\n<meta name=\"robots\" content=\"index, follow, max-snippet:-1, max-image-preview:large, max-video-preview:-1\" \/>\n<link rel=\"canonical\" href=\"https:\/\/www.seguin-moreau.fr\/it\/politica-sulla-riservatezza\/\" \/>\n<meta property=\"og:locale\" content=\"it_IT\" \/>\n<meta property=\"og:type\" content=\"article\" \/>\n<meta property=\"og:title\" content=\"Politica sulla riservatezza - Seguin Moreau\" \/>\n<meta property=\"og:description\" content=\"INFORMATIVA SUL TRATTAMENTO DEI DATI PERSONALI Nell&#8217;ambito delle sue attivit\u00e0, SEGUIN MOREAU raccoglie e tratta i dati personali che vi riguardano. La presente politica di gestione dei dati personali ha lo scopo di informarti sul trattamento dei tuoi dati personali e sui tuoi diritti relativi a tale trattamento (la \u201cPolitica sul trattamento dei dati personali\u201d). [&hellip;]\" \/>\n<meta property=\"og:url\" content=\"https:\/\/www.seguin-moreau.fr\/it\/politica-sulla-riservatezza\/\" \/>\n<meta property=\"og:site_name\" content=\"Seguin Moreau\" \/>\n<meta property=\"article:modified_time\" content=\"2024-03-05T15:48:19+00:00\" \/>\n<meta name=\"twitter:card\" content=\"summary_large_image\" \/>\n<meta name=\"twitter:label1\" content=\"Tempo di lettura stimato\" \/>\n\t<meta name=\"twitter:data1\" content=\"5 minuti\" \/>\n<script type=\"application\/ld+json\" class=\"yoast-schema-graph\">{\"@context\":\"https:\/\/schema.org\",\"@graph\":[{\"@type\":\"WebPage\",\"@id\":\"https:\/\/www.seguin-moreau.fr\/it\/politica-sulla-riservatezza\/\",\"url\":\"https:\/\/www.seguin-moreau.fr\/it\/politica-sulla-riservatezza\/\",\"name\":\"Politica sulla riservatezza - Seguin Moreau\",\"isPartOf\":{\"@id\":\"https:\/\/www.seguin-moreau.fr\/it\/#website\"},\"datePublished\":\"2023-11-06T09:02:04+00:00\",\"dateModified\":\"2024-03-05T15:48:19+00:00\",\"breadcrumb\":{\"@id\":\"https:\/\/www.seguin-moreau.fr\/it\/politica-sulla-riservatezza\/#breadcrumb\"},\"inLanguage\":\"it-IT\",\"potentialAction\":[{\"@type\":\"ReadAction\",\"target\":[\"https:\/\/www.seguin-moreau.fr\/it\/politica-sulla-riservatezza\/\"]}]},{\"@type\":\"BreadcrumbList\",\"@id\":\"https:\/\/www.seguin-moreau.fr\/it\/politica-sulla-riservatezza\/#breadcrumb\",\"itemListElement\":[{\"@type\":\"ListItem\",\"position\":1,\"name\":\"Accueil\",\"item\":\"https:\/\/www.seguin-moreau.fr\/it\/\"},{\"@type\":\"ListItem\",\"position\":2,\"name\":\"Politica sulla riservatezza\"}]},{\"@type\":\"WebSite\",\"@id\":\"https:\/\/www.seguin-moreau.fr\/it\/#website\",\"url\":\"https:\/\/www.seguin-moreau.fr\/it\/\",\"name\":\"Seguin Moreau\",\"description\":\"La tonnellerie qui allie savoir-faire artisanal et innovation \u00e0 Cognac.\",\"publisher\":{\"@id\":\"https:\/\/www.seguin-moreau.fr\/it\/#organization\"},\"potentialAction\":[{\"@type\":\"SearchAction\",\"target\":{\"@type\":\"EntryPoint\",\"urlTemplate\":\"https:\/\/www.seguin-moreau.fr\/it\/?s={search_term_string}\"},\"query-input\":{\"@type\":\"PropertyValueSpecification\",\"valueRequired\":true,\"valueName\":\"search_term_string\"}}],\"inLanguage\":\"it-IT\"},{\"@type\":\"Organization\",\"@id\":\"https:\/\/www.seguin-moreau.fr\/it\/#organization\",\"name\":\"Seguin Moreau\",\"url\":\"https:\/\/www.seguin-moreau.fr\/it\/\",\"logo\":{\"@type\":\"ImageObject\",\"inLanguage\":\"it-IT\",\"@id\":\"https:\/\/www.seguin-moreau.fr\/it\/#\/schema\/logo\/image\/\",\"url\":\"https:\/\/www.seguin-moreau.fr\/wp-content\/uploads\/2023\/01\/004-terre.png\",\"contentUrl\":\"https:\/\/www.seguin-moreau.fr\/wp-content\/uploads\/2023\/01\/004-terre.png\",\"width\":512,\"height\":512,\"caption\":\"Seguin Moreau\"},\"image\":{\"@id\":\"https:\/\/www.seguin-moreau.fr\/it\/#\/schema\/logo\/image\/\"}}]}<\/script>\n<!-- \/ Yoast SEO plugin. -->","yoast_head_json":{"title":"Politica sulla riservatezza - Seguin Moreau","robots":{"index":"index","follow":"follow","max-snippet":"max-snippet:-1","max-image-preview":"max-image-preview:large","max-video-preview":"max-video-preview:-1"},"canonical":"https:\/\/www.seguin-moreau.fr\/it\/politica-sulla-riservatezza\/","og_locale":"it_IT","og_type":"article","og_title":"Politica sulla riservatezza - Seguin Moreau","og_description":"INFORMATIVA SUL TRATTAMENTO DEI DATI PERSONALI Nell&#8217;ambito delle sue attivit\u00e0, SEGUIN MOREAU raccoglie e tratta i dati personali che vi riguardano. La presente politica di gestione dei dati personali ha lo scopo di informarti sul trattamento dei tuoi dati personali e sui tuoi diritti relativi a tale trattamento (la \u201cPolitica sul trattamento dei dati personali\u201d). [&hellip;]","og_url":"https:\/\/www.seguin-moreau.fr\/it\/politica-sulla-riservatezza\/","og_site_name":"Seguin Moreau","article_modified_time":"2024-03-05T15:48:19+00:00","twitter_card":"summary_large_image","twitter_misc":{"Tempo di lettura stimato":"5 minuti"},"schema":{"@context":"https:\/\/schema.org","@graph":[{"@type":"WebPage","@id":"https:\/\/www.seguin-moreau.fr\/it\/politica-sulla-riservatezza\/","url":"https:\/\/www.seguin-moreau.fr\/it\/politica-sulla-riservatezza\/","name":"Politica sulla riservatezza - Seguin Moreau","isPartOf":{"@id":"https:\/\/www.seguin-moreau.fr\/it\/#website"},"datePublished":"2023-11-06T09:02:04+00:00","dateModified":"2024-03-05T15:48:19+00:00","breadcrumb":{"@id":"https:\/\/www.seguin-moreau.fr\/it\/politica-sulla-riservatezza\/#breadcrumb"},"inLanguage":"it-IT","potentialAction":[{"@type":"ReadAction","target":["https:\/\/www.seguin-moreau.fr\/it\/politica-sulla-riservatezza\/"]}]},{"@type":"BreadcrumbList","@id":"https:\/\/www.seguin-moreau.fr\/it\/politica-sulla-riservatezza\/#breadcrumb","itemListElement":[{"@type":"ListItem","position":1,"name":"Accueil","item":"https:\/\/www.seguin-moreau.fr\/it\/"},{"@type":"ListItem","position":2,"name":"Politica sulla riservatezza"}]},{"@type":"WebSite","@id":"https:\/\/www.seguin-moreau.fr\/it\/#website","url":"https:\/\/www.seguin-moreau.fr\/it\/","name":"Seguin Moreau","description":"La tonnellerie qui allie savoir-faire artisanal et innovation \u00e0 Cognac.","publisher":{"@id":"https:\/\/www.seguin-moreau.fr\/it\/#organization"},"potentialAction":[{"@type":"SearchAction","target":{"@type":"EntryPoint","urlTemplate":"https:\/\/www.seguin-moreau.fr\/it\/?s={search_term_string}"},"query-input":{"@type":"PropertyValueSpecification","valueRequired":true,"valueName":"search_term_string"}}],"inLanguage":"it-IT"},{"@type":"Organization","@id":"https:\/\/www.seguin-moreau.fr\/it\/#organization","name":"Seguin Moreau","url":"https:\/\/www.seguin-moreau.fr\/it\/","logo":{"@type":"ImageObject","inLanguage":"it-IT","@id":"https:\/\/www.seguin-moreau.fr\/it\/#\/schema\/logo\/image\/","url":"https:\/\/www.seguin-moreau.fr\/wp-content\/uploads\/2023\/01\/004-terre.png","contentUrl":"https:\/\/www.seguin-moreau.fr\/wp-content\/uploads\/2023\/01\/004-terre.png","width":512,"height":512,"caption":"Seguin Moreau"},"image":{"@id":"https:\/\/www.seguin-moreau.fr\/it\/#\/schema\/logo\/image\/"}}]}},"_links":{"self":[{"href":"https:\/\/www.seguin-moreau.fr\/it\/wp-json\/wp\/v2\/pages\/2717","targetHints":{"allow":["GET"]}}],"collection":[{"href":"https:\/\/www.seguin-moreau.fr\/it\/wp-json\/wp\/v2\/pages"}],"about":[{"href":"https:\/\/www.seguin-moreau.fr\/it\/wp-json\/wp\/v2\/types\/page"}],"author":[{"embeddable":true,"href":"https:\/\/www.seguin-moreau.fr\/it\/wp-json\/wp\/v2\/users\/1"}],"replies":[{"embeddable":true,"href":"https:\/\/www.seguin-moreau.fr\/it\/wp-json\/wp\/v2\/comments?post=2717"}],"version-history":[{"count":11,"href":"https:\/\/www.seguin-moreau.fr\/it\/wp-json\/wp\/v2\/pages\/2717\/revisions"}],"predecessor-version":[{"id":3466,"href":"https:\/\/www.seguin-moreau.fr\/it\/wp-json\/wp\/v2\/pages\/2717\/revisions\/3466"}],"wp:attachment":[{"href":"https:\/\/www.seguin-moreau.fr\/it\/wp-json\/wp\/v2\/media?parent=2717"}],"curies":[{"name":"wp","href":"https:\/\/api.w.org\/{rel}","templated":true}]}}