{"id":2714,"date":"2023-11-06T15:11:41","date_gmt":"2023-11-06T14:11:41","guid":{"rendered":"https:\/\/www.seguin-moreau.fr\/mentions-legales\/"},"modified":"2024-03-29T15:07:39","modified_gmt":"2024-03-29T14:07:39","slug":"note-legali","status":"publish","type":"page","link":"https:\/\/www.seguin-moreau.fr\/it\/note-legali\/","title":{"rendered":"Note legali e condizioni generali di utilizzo"},"content":{"rendered":"<p style=\"text-align: left;\">Continuare a navigare su questo sito www.seguin-moreau.fr (il \u201cSito\u201d) implica l&#8217;accettazione senza riserve delle presenti condizioni generali d&#8217;uso (i \u201cT&amp;C\u201d).<\/p>\n<p style=\"text-align: left;\">La versione dei T&amp;C disponibile online al momento della navigazione sul Sito \u00e8 l&#8217;unica applicabile per tutta la durata di utilizzo del Sito e finch\u00e9 una nuova versione non la sostituisca.<\/p>\n<p style=\"text-align: left;\">SEGUIN MOREAU si riserva il diritto di modificare o aggiornare le Condizioni Generali in qualsiasi momento e senza preavviso. Spetta all&#8217;utente del Sito consultarlo regolarmente per essere informato.<\/p>\n<p>&nbsp;<\/p>\n<h2 style=\"text-align: left;\"><strong>1. Informazioni legali<\/strong><\/h2>\n<p style=\"text-align: left;\">Editore: Il Sito \u00e8 stato sviluppato e pubblicato da SEGUIN MOREAU &amp; C\u00b0, una societ\u00e0 per azioni semplificata con capitale di 34.391.268,10 euro, la cui sede legale si trova a Zone Industrielle le Petit Oumelet, 16100 MERPINS \u2013 Francia, registrata con il numero 905 920 013 RCS Angoul\u00eame (\u201cSEGUIN MOREAU\u201d).<\/p>\n<p style=\"text-align: left;\">Responsabile editoriale: Magdeleine ALLAUME, Direttore Generale.<\/p>\n<p style=\"text-align: left;\">Gestore: OVH &#8211; 2 rue Kellermann \u2013 59100 Roubaix &#8211; 09 72 10 10 07 <strong>www.ovh.com<\/strong><\/p>\n<p>&nbsp;<\/p>\n<h2 style=\"text-align: left;\"><strong>2. Contenuto del Sito<\/strong><\/h2>\n<p style=\"text-align: left;\">Lo scopo di questo Sito \u00e8 fornire informazioni generali sulla societ\u00e0 SEGUIN MOREAU &amp; C\u00b0 e sulle sue attivit\u00e0 commerciali.<\/p>\n<p style=\"text-align: left;\">SEGUIN MOREAU si impegna a garantire il buon funzionamento e la sicurezza informatica del Sito, nonch\u00e9 l&#8217;esattezza e l&#8217;aggiornamento delle informazioni ivi diffuse. Tuttavia, SEGUIN MOREAU non pu\u00f2 garantire l&#8217;accuratezza, la precisione o la completezza delle informazioni disponibili sul Sito. Spetta agli utenti del Sito verificare le informazioni con altri mezzi, anche, se necessario, contattando SEGUIN MOREAU.<\/p>\n<p style=\"text-align: left;\">SEGUIN MOREAU si riserva il diritto di modificare, a propria discrezione, in qualsiasi momento e senza preavviso, il contenuto del Sito.<\/p>\n<p style=\"text-align: left;\">\u00c8 responsabilit\u00e0 dei soggetti soggetti alla legislazione straniera garantire che il contenuto del Sito sia conforme alla legislazione nazionale. SEGUIN MOREAU non pu\u00f2 essere ritenuto responsabile dell&#8217;utilizzo del Sito contrario alla legislazione locale.<\/p>\n<p>&nbsp;<\/p>\n<h2 style=\"text-align: left;\"><strong>3. Propriet\u00e0 intellettuale<\/strong><\/h2>\n<p style=\"text-align: left;\">Tutti i marchi, le fotografie, i testi, i commenti, le illustrazioni, le immagini animate e non, le sequenze video, i suoni, nonch\u00e9 tutte le applicazioni informatiche che potrebbero essere utilizzate per il funzionamento di questo sito e pi\u00f9 in generale tutti gli elementi riprodotti o utilizzati sul Sito sono protetti. dalle leggi vigenti in materia di propriet\u00e0 intellettuale. Essi sono di propriet\u00e0 totale e totale di SEGUIN MOREAU e\/o dei suoi partner o, in mancanza, SEGUIN MOREAU dispone dei diritti che ne consentono la distribuzione sul Sito.<\/p>\n<p style=\"text-align: left;\">Qualsiasi riproduzione, rappresentazione, utilizzo o adattamento, sotto qualsiasi forma, di tutti o parte di questi elementi, comprese le applicazioni informatiche, senza il previo consenso scritto di SEGUIN MOREAU, \u00e8 severamente vietato. Il fatto che SEGUIN MOREAU non avvii un procedimento nel momento in cui viene a conoscenza di questi usi non autorizzati non costituisce accettazione di detti usi e rinuncia ad essere perseguiti.<\/p>\n<p>&nbsp;<\/p>\n<h2 style=\"text-align: left;\"><strong>4. Gestione del sito<\/strong><\/h2>\n<p style=\"text-align: left;\">Per la corretta gestione del Sito, SEGUIN MOREAU potr\u00e0 in qualsiasi momento:<\/p>\n<p style=\"text-align: left;\">&#8211; sospendere, interrompere o limitare l&#8217;accesso a tutto o parte del Sito, riservare l&#8217;accesso al Sito, o ad alcune parti del Sito, ad una categoria specifica o a tutti gli utenti;<\/p>\n<p style=\"text-align: left;\">&#8211; cancellare qualsiasi informazione che possa turbarne il funzionamento o contravvenire alle leggi nazionali o internazionali, o alle regole della Netiquette;<\/p>\n<p style=\"text-align: left;\">&#8211; sospendere il Sito per effettuare aggiornamenti.<\/p>\n<p>&nbsp;<\/p>\n<h2 style=\"text-align: left;\"><strong>5. Responsabilit\u00e0<\/strong><\/h2>\n<p style=\"text-align: left;\">SEGUIN MOREAU non potr\u00e0 essere ritenuta responsabile in caso di guasto, guasto, difficolt\u00e0 o interruzione del funzionamento, che impedisca l&#8217;accesso al Sito o ad una delle sue funzionalit\u00e0.<\/p>\n<p style=\"text-align: left;\">Il materiale di connessione al Sito utilizzato dagli utenti del Sito \u00e8 sotto la loro intera responsabilit\u00e0. Gli utenti del Sito devono adottare tutte le misure adeguate per proteggere le proprie apparecchiature e i propri dati, in particolare dagli attacchi virali via Internet. Gli utenti del Sito sono inoltre gli unici responsabili dei siti e dei dati che consultano.<\/p>\n<p style=\"text-align: left;\"><strong>SEGUIN MOREAU non pu\u00f2 essere ritenuto responsabile per:<\/strong><\/p>\n<ul style=\"text-align: left;\">\n<li>qualsiasi imprecisione, inesattezza o omissione relativa alle informazioni disponibili sul Sito;<\/li>\n<li>qualsiasi danno derivante dall&#8217;intrusione fraudolenta di terzi che porti alla modifica delle informazioni messe a disposizione degli utenti sul Sito;<\/li>\n<li>pi\u00f9 in generale, per qualsiasi danno, diretto o indiretto, qualunque sia la causa, l&#8217;origine, la natura o le conseguenze, causato dall&#8217;accesso di chiunque al Sito o dall&#8217;impossibilit\u00e0 di accedervi, nonch\u00e9 dall&#8217;utilizzo del Sito e\/o dal credito concesso ad ogni informazione proveniente direttamente o indirettamente da quest&#8217;ultima.<\/li>\n<\/ul>\n<p style=\"text-align: left;\">SEGUIN MOREAU non potr\u00e0 essere ritenuto responsabile in caso di azioni legali contro di voi:<\/p>\n<ul style=\"text-align: left;\">\n<li>a causa dell&#8217;utilizzo del Sito o di qualsiasi servizio accessibile tramite Internet;<\/li>\n<li>a causa del mancato rispetto da parte vostra delle disposizioni delle presenti condizioni d&#8217;uso.<\/li>\n<\/ul>\n<p style=\"text-align: left;\">SEGUIN MOREAU non \u00e8 responsabile dei danni causati agli utenti del Sito e\/o alle loro apparecchiature e\/o a terzi a causa della connessione o dell&#8217;utilizzo del Sito. Qualsiasi utente del Sito rinuncia pertanto a qualsiasi azione contro SEGUIN MOREAU.<\/p>\n<p style=\"text-align: left;\">Se SEGUIN MOREAU dovesse essere oggetto di un procedimento amichevole o legale a causa dell&#8217;utilizzo del Sito, quest&#8217;ultimo si riserva il diritto di agire contro l&#8217;utente del Sito per ottenere il risarcimento di tutti i danni, somme, condanne e costi che potrebbero derivano da questa procedura.<\/p>\n<p>&nbsp;<\/p>\n<h2 style=\"text-align: left;\"><strong>Articolo 6 \u2013 Politica di riservatezza<\/strong><\/h2>\n<p style=\"text-align: left;\">L&#8217;utilizzo del Sito implica l&#8217;accettazione espressa e senza riserve della <a href=\"https:\/\/www.seguin-moreau.fr\/it\/informativa-sulla-privacy\/\" target=\"_blank\" rel=\"noopener\">Politica di Riservatezza<\/a>.<\/p>\n<p>&nbsp;<\/p>\n<h2 style=\"text-align: left;\"><strong>Articolo 7 \u2013 Cookie<\/strong><\/h2>\n<p style=\"text-align: left;\">Un cookie \u00e8 un file di dati memorizzato dal dispositivo di un utente durante la navigazione sul Sito per registrare informazioni su di lui (ad esempio informazioni sulla connessione, preferenze di navigazione, ecc.). Questo file viene restituito automaticamente la prossima volta che l&#8217;utente accede al Sito.<\/p>\n<p style=\"text-align: left;\">Nell&#8217;ambito del Sito, SEGUIN MOREAU utilizza i seguenti cookie:<\/p>\n<p style=\"text-align: left;\">\u2022 <strong>Cookie tecnici<\/strong>: questi cookie sono necessari per il corretto funzionamento del Sito e non possono essere disattivati dai sistemi di SEGUIN MOREAU. L&#8217;utente pu\u00f2 configurare il proprio browser per bloccare o essere informato dell&#8217;esistenza di questi cookie ma ci\u00f2 potrebbe compromettere il corretto funzionamento del Sito. Questi cookie non memorizzano informazioni personali relative agli utenti del Sito.<\/p>\n<p style=\"text-align: left;\">\u2022 <strong>Cookie funzionali<\/strong>: questi cookie consentono di migliorare e personalizzare la funzionalit\u00e0 del Sito. Se l&#8217;utente del Sito non accetta questi cookie, una parte o tutto il Sito potrebbe non funzionare correttamente.<\/p>\n<p style=\"text-align: left;\">\u2022 <strong>Cookie di applicazioni di terze parti<\/strong>: questi cookie vengono posizionati su domini diversi da quello del Sito e permettono di collegare una sessione di un sito di terze parti (Facebook, Linkedin, social network, intranet, ecc.) alla sessione di il sito attuale di SEGUIN MOREAU. Se l&#8217;utente del Sito non accetta questi cookie, si trover\u00e0 di fronte a pagine di reidentificazione ogni volta che accede al sito di terze parti.<\/p>\n<p style=\"text-align: left;\">\u2022 <strong>Cookie di sessione<\/strong>: questi cookie sono cookie temporanei che scadono quando l&#8217;utente abbandona il Sito. Se l&#8217;utente del Sito non accetta questi cookie, le scelte effettuate dall&#8217;utente nelle diverse pagine non verranno ricordate quando si cambiano le pagine del sito.<\/p>\n<p style=\"text-align: left;\">\u2022 <strong>Tracciamento marketing<\/strong>: questi cookie consentono di misurare l&#8217;audience del sito e fornire pubblicit\u00e0 adeguata. Se l&#8217;utente del Sito non accetta questi cookie, gli inserti pubblicitari presentati sul sito SEGUIN MOREAU non saranno adattati alle abitudini di navigazione dell&#8217;utente e SEGUIN MOREAU non sar\u00e0 in grado di ottimizzare il monitoraggio della navigazione sul Sito.<\/p>\n<p style=\"text-align: left;\">Il periodo di conservazione delle informazioni registrate dai cookie sul dispositivo dell&#8217;utente del Sito non pu\u00f2 superare i tredici (13) mesi (vedi dettagli nella tabella dei cookie a cui si fa riferimento sul Sito). Il consenso prestato dall&#8217;utente del Sito in merito all&#8217;utilizzo dei cookie al momento della sua prima visita al sito \u00e8 valido per un periodo di tredici (13) mesi. Tuttavia, l\u2019utente del Sito pu\u00f2 modificare le proprie scelte in qualsiasi momento tramite il link \u201cimpostazioni cookie\u201d accessibile a fondo pagina, oppure opporsi alla registrazione dei cookie configurando in tal senso il proprio browser.<\/p>\n<p>&nbsp;<\/p>\n<h2 style=\"text-align: left;\"><strong>Articolo 8 &#8211; Collegamenti ipertestuali<\/strong><\/h2>\n<p style=\"text-align: left;\">SEGUIN MOREAU declina formalmente ogni responsabilit\u00e0 per il contenuto di altri siti ai quali il Sito offre collegamenti. Questi collegamenti sono offerti agli utenti del Sito come servizio. La decisione di attivare i link spetta esclusivamente agli utenti del Sito. Inoltre, spetta agli utenti del Sito adottare le precauzioni necessarie per evitare qualsiasi contaminazione del sito da parte, in particolare, di uno o pi\u00f9 &#8220;virus&#8221;.<\/p>\n<p>&nbsp;<\/p>\n<h2 style=\"text-align: left;\"><strong>Articolo 9 &#8211; Fotografie e rappresentazione dei prodotti<\/strong><\/h2>\n<p style=\"text-align: left;\">Le fotografie non sono contrattuali e non impegnano la responsabilit\u00e0 di SEGUIN MOREAU.<\/p>\n<p style=\"text-align: left;\">Crediti fotografici:<\/p>\n<p style=\"text-align: left;\">Jonathan Photography<\/p>\n<ol style=\"text-align: left;\">\n<li>Trochut<\/li>\n<\/ol>\n<p style=\"text-align: left;\">Alberto Bocos Gil<\/p>\n<p style=\"text-align: left;\">Aline Aubert<\/p>\n<p style=\"text-align: left;\">Albane de Roffignac<\/p>\n<p style=\"text-align: left;\">Jean-Marc Larhantec<\/p>\n<p style=\"text-align: left;\">Fran\u00e7ois Blazquez<\/p>\n<p style=\"text-align: left;\">Studio Prigent<\/p>\n<p style=\"text-align: left;\">Jean Barge<\/p>\n<p style=\"text-align: left;\">Cl\u00e9ment Mahoudeau<\/p>\n<p style=\"text-align: left;\">R\u00e9my Martin<\/p>\n<p style=\"text-align: left;\">Maison Psych\u00e9<\/p>\n<p style=\"text-align: left;\">Saison d\u2019or<\/p>\n<p>&nbsp;<\/p>\n<h2 style=\"text-align: left;\"><strong>Articolo 10 &#8211; Legge applicabile<\/strong><\/h2>\n<p style=\"text-align: left;\">Le presenti condizioni di utilizzo del Sito sono regolate dalla legge francese e soggette alla giurisdizione dei tribunali di Angoul\u00eame, fatta salva una specifica attribuzione di giurisdizione derivante da una legge o un regolamento particolare.<\/p>\n<p>&nbsp;<\/p>\n<h2 style=\"text-align: left;\"><strong>Articolo 11 \u2013 Contatto<\/strong><\/h2>\n<p style=\"text-align: left;\">Per qualsiasi domanda relativa alle condizioni di utilizzo del Sito, \u00e8 possibile contattare SEGUIN MOREAU tramite la sezione <a href=\"https:\/\/www.seguin-moreau.fr\/it\/contattaci\/\" target=\"_blank\" rel=\"noopener\">Contatti<\/a>.<\/p>\n","protected":false},"excerpt":{"rendered":"<p>Continuare a navigare su questo sito www.seguin-moreau.fr (il \u201cSito\u201d) implica l&#8217;accettazione senza riserve delle presenti condizioni generali d&#8217;uso (i \u201cT&amp;C\u201d). La versione dei T&amp;C disponibile online al momento della navigazione sul Sito \u00e8 l&#8217;unica applicabile per tutta la durata di utilizzo del Sito e finch\u00e9 una nuova versione non la sostituisca. SEGUIN MOREAU si riserva [&hellip;]<\/p>\n","protected":false},"author":1,"featured_media":0,"parent":0,"menu_order":9,"comment_status":"closed","ping_status":"closed","template":"templates\/tpl-flexible.php","meta":{"_acf_changed":false,"inline_featured_image":false,"footnotes":""},"class_list":["post-2714","page","type-page","status-publish","hentry"],"acf":[],"yoast_head":"<!-- This site is optimized with the Yoast SEO plugin v26.8 - https:\/\/yoast.com\/product\/yoast-seo-wordpress\/ -->\n<title>Mentions legales - Seguin Moreau - Seguin Moreau<\/title>\n<meta name=\"robots\" content=\"index, follow, max-snippet:-1, max-image-preview:large, max-video-preview:-1\" \/>\n<link rel=\"canonical\" href=\"https:\/\/www.seguin-moreau.fr\/it\/note-legali\/\" \/>\n<meta property=\"og:locale\" content=\"it_IT\" \/>\n<meta property=\"og:type\" content=\"article\" \/>\n<meta property=\"og:title\" content=\"Mentions legales - Seguin Moreau - Seguin Moreau\" \/>\n<meta property=\"og:description\" content=\"Continuare a navigare su questo sito www.seguin-moreau.fr (il \u201cSito\u201d) implica l&#8217;accettazione senza riserve delle presenti condizioni generali d&#8217;uso (i \u201cT&amp;C\u201d). La versione dei T&amp;C disponibile online al momento della navigazione sul Sito \u00e8 l&#8217;unica applicabile per tutta la durata di utilizzo del Sito e finch\u00e9 una nuova versione non la sostituisca. SEGUIN MOREAU si riserva [&hellip;]\" \/>\n<meta property=\"og:url\" content=\"https:\/\/www.seguin-moreau.fr\/it\/note-legali\/\" \/>\n<meta property=\"og:site_name\" content=\"Seguin Moreau\" \/>\n<meta property=\"article:modified_time\" content=\"2024-03-29T14:07:39+00:00\" \/>\n<meta name=\"twitter:card\" content=\"summary_large_image\" \/>\n<meta name=\"twitter:label1\" content=\"Tempo di lettura stimato\" \/>\n\t<meta name=\"twitter:data1\" content=\"8 minuti\" \/>\n<script type=\"application\/ld+json\" class=\"yoast-schema-graph\">{\"@context\":\"https:\/\/schema.org\",\"@graph\":[{\"@type\":\"WebPage\",\"@id\":\"https:\/\/www.seguin-moreau.fr\/it\/note-legali\/\",\"url\":\"https:\/\/www.seguin-moreau.fr\/it\/note-legali\/\",\"name\":\"Mentions legales - Seguin Moreau - Seguin Moreau\",\"isPartOf\":{\"@id\":\"https:\/\/www.seguin-moreau.fr\/it\/#website\"},\"datePublished\":\"2023-11-06T14:11:41+00:00\",\"dateModified\":\"2024-03-29T14:07:39+00:00\",\"breadcrumb\":{\"@id\":\"https:\/\/www.seguin-moreau.fr\/it\/note-legali\/#breadcrumb\"},\"inLanguage\":\"it-IT\",\"potentialAction\":[{\"@type\":\"ReadAction\",\"target\":[\"https:\/\/www.seguin-moreau.fr\/it\/note-legali\/\"]}]},{\"@type\":\"BreadcrumbList\",\"@id\":\"https:\/\/www.seguin-moreau.fr\/it\/note-legali\/#breadcrumb\",\"itemListElement\":[{\"@type\":\"ListItem\",\"position\":1,\"name\":\"Accueil\",\"item\":\"https:\/\/www.seguin-moreau.fr\/it\/\"},{\"@type\":\"ListItem\",\"position\":2,\"name\":\"Note legali e condizioni generali di utilizzo\"}]},{\"@type\":\"WebSite\",\"@id\":\"https:\/\/www.seguin-moreau.fr\/it\/#website\",\"url\":\"https:\/\/www.seguin-moreau.fr\/it\/\",\"name\":\"Seguin Moreau\",\"description\":\"La tonnellerie qui allie savoir-faire artisanal et innovation \u00e0 Cognac.\",\"publisher\":{\"@id\":\"https:\/\/www.seguin-moreau.fr\/it\/#organization\"},\"potentialAction\":[{\"@type\":\"SearchAction\",\"target\":{\"@type\":\"EntryPoint\",\"urlTemplate\":\"https:\/\/www.seguin-moreau.fr\/it\/?s={search_term_string}\"},\"query-input\":{\"@type\":\"PropertyValueSpecification\",\"valueRequired\":true,\"valueName\":\"search_term_string\"}}],\"inLanguage\":\"it-IT\"},{\"@type\":\"Organization\",\"@id\":\"https:\/\/www.seguin-moreau.fr\/it\/#organization\",\"name\":\"Seguin Moreau\",\"url\":\"https:\/\/www.seguin-moreau.fr\/it\/\",\"logo\":{\"@type\":\"ImageObject\",\"inLanguage\":\"it-IT\",\"@id\":\"https:\/\/www.seguin-moreau.fr\/it\/#\/schema\/logo\/image\/\",\"url\":\"https:\/\/www.seguin-moreau.fr\/wp-content\/uploads\/2023\/01\/004-terre.png\",\"contentUrl\":\"https:\/\/www.seguin-moreau.fr\/wp-content\/uploads\/2023\/01\/004-terre.png\",\"width\":512,\"height\":512,\"caption\":\"Seguin Moreau\"},\"image\":{\"@id\":\"https:\/\/www.seguin-moreau.fr\/it\/#\/schema\/logo\/image\/\"}}]}<\/script>\n<!-- \/ Yoast SEO plugin. -->","yoast_head_json":{"title":"Mentions legales - Seguin Moreau - Seguin Moreau","robots":{"index":"index","follow":"follow","max-snippet":"max-snippet:-1","max-image-preview":"max-image-preview:large","max-video-preview":"max-video-preview:-1"},"canonical":"https:\/\/www.seguin-moreau.fr\/it\/note-legali\/","og_locale":"it_IT","og_type":"article","og_title":"Mentions legales - Seguin Moreau - Seguin Moreau","og_description":"Continuare a navigare su questo sito www.seguin-moreau.fr (il \u201cSito\u201d) implica l&#8217;accettazione senza riserve delle presenti condizioni generali d&#8217;uso (i \u201cT&amp;C\u201d). La versione dei T&amp;C disponibile online al momento della navigazione sul Sito \u00e8 l&#8217;unica applicabile per tutta la durata di utilizzo del Sito e finch\u00e9 una nuova versione non la sostituisca. SEGUIN MOREAU si riserva [&hellip;]","og_url":"https:\/\/www.seguin-moreau.fr\/it\/note-legali\/","og_site_name":"Seguin Moreau","article_modified_time":"2024-03-29T14:07:39+00:00","twitter_card":"summary_large_image","twitter_misc":{"Tempo di lettura stimato":"8 minuti"},"schema":{"@context":"https:\/\/schema.org","@graph":[{"@type":"WebPage","@id":"https:\/\/www.seguin-moreau.fr\/it\/note-legali\/","url":"https:\/\/www.seguin-moreau.fr\/it\/note-legali\/","name":"Mentions legales - Seguin Moreau - Seguin Moreau","isPartOf":{"@id":"https:\/\/www.seguin-moreau.fr\/it\/#website"},"datePublished":"2023-11-06T14:11:41+00:00","dateModified":"2024-03-29T14:07:39+00:00","breadcrumb":{"@id":"https:\/\/www.seguin-moreau.fr\/it\/note-legali\/#breadcrumb"},"inLanguage":"it-IT","potentialAction":[{"@type":"ReadAction","target":["https:\/\/www.seguin-moreau.fr\/it\/note-legali\/"]}]},{"@type":"BreadcrumbList","@id":"https:\/\/www.seguin-moreau.fr\/it\/note-legali\/#breadcrumb","itemListElement":[{"@type":"ListItem","position":1,"name":"Accueil","item":"https:\/\/www.seguin-moreau.fr\/it\/"},{"@type":"ListItem","position":2,"name":"Note legali e condizioni generali di utilizzo"}]},{"@type":"WebSite","@id":"https:\/\/www.seguin-moreau.fr\/it\/#website","url":"https:\/\/www.seguin-moreau.fr\/it\/","name":"Seguin Moreau","description":"La tonnellerie qui allie savoir-faire artisanal et innovation \u00e0 Cognac.","publisher":{"@id":"https:\/\/www.seguin-moreau.fr\/it\/#organization"},"potentialAction":[{"@type":"SearchAction","target":{"@type":"EntryPoint","urlTemplate":"https:\/\/www.seguin-moreau.fr\/it\/?s={search_term_string}"},"query-input":{"@type":"PropertyValueSpecification","valueRequired":true,"valueName":"search_term_string"}}],"inLanguage":"it-IT"},{"@type":"Organization","@id":"https:\/\/www.seguin-moreau.fr\/it\/#organization","name":"Seguin Moreau","url":"https:\/\/www.seguin-moreau.fr\/it\/","logo":{"@type":"ImageObject","inLanguage":"it-IT","@id":"https:\/\/www.seguin-moreau.fr\/it\/#\/schema\/logo\/image\/","url":"https:\/\/www.seguin-moreau.fr\/wp-content\/uploads\/2023\/01\/004-terre.png","contentUrl":"https:\/\/www.seguin-moreau.fr\/wp-content\/uploads\/2023\/01\/004-terre.png","width":512,"height":512,"caption":"Seguin Moreau"},"image":{"@id":"https:\/\/www.seguin-moreau.fr\/it\/#\/schema\/logo\/image\/"}}]}},"_links":{"self":[{"href":"https:\/\/www.seguin-moreau.fr\/it\/wp-json\/wp\/v2\/pages\/2714","targetHints":{"allow":["GET"]}}],"collection":[{"href":"https:\/\/www.seguin-moreau.fr\/it\/wp-json\/wp\/v2\/pages"}],"about":[{"href":"https:\/\/www.seguin-moreau.fr\/it\/wp-json\/wp\/v2\/types\/page"}],"author":[{"embeddable":true,"href":"https:\/\/www.seguin-moreau.fr\/it\/wp-json\/wp\/v2\/users\/1"}],"replies":[{"embeddable":true,"href":"https:\/\/www.seguin-moreau.fr\/it\/wp-json\/wp\/v2\/comments?post=2714"}],"version-history":[{"count":13,"href":"https:\/\/www.seguin-moreau.fr\/it\/wp-json\/wp\/v2\/pages\/2714\/revisions"}],"predecessor-version":[{"id":3987,"href":"https:\/\/www.seguin-moreau.fr\/it\/wp-json\/wp\/v2\/pages\/2714\/revisions\/3987"}],"wp:attachment":[{"href":"https:\/\/www.seguin-moreau.fr\/it\/wp-json\/wp\/v2\/media?parent=2714"}],"curies":[{"name":"wp","href":"https:\/\/api.w.org\/{rel}","templated":true}]}}