{"id":2792,"date":"2023-11-09T09:36:41","date_gmt":"2023-11-09T08:36:41","guid":{"rendered":"https:\/\/www.seguin-moreau.fr\/news\/nous-rejoindre\/"},"modified":"2024-03-05T14:55:59","modified_gmt":"2024-03-05T13:55:59","slug":"trabaja-con-nosotros","status":"publish","type":"page","link":"https:\/\/www.seguin-moreau.fr\/es\/noticias\/trabaja-con-nosotros\/","title":{"rendered":"Trabaja con nosotros"},"content":{"rendered":"<p style=\"text-align: center;\">\u00bfTe gustar\u00eda formar parte de un <strong>equipo de entusiastas<\/strong> al servicio de los <strong>vinos y destilados de todo el mundo<\/strong>? Est\u00e1s en el lugar correcto: <strong>echa un vistazo a nuestras ofertas o env\u00edanos tu curr\u00edculum directamente<\/strong>.<\/p>\n","protected":false},"excerpt":{"rendered":"<p>\u00bfTe gustar\u00eda trabajar con bodegas de todo el mundo? \u00a1\u00danete a nosotros!<\/p>\n","protected":false},"author":1,"featured_media":0,"parent":2789,"menu_order":0,"comment_status":"closed","ping_status":"closed","template":"templates\/tpl-flexible.php","meta":{"_acf_changed":false,"inline_featured_image":false,"footnotes":""},"class_list":["post-2792","page","type-page","status-publish","hentry"],"acf":[],"yoast_head":"<!-- This site is optimized with the Yoast SEO plugin v26.8 - https:\/\/yoast.com\/product\/yoast-seo-wordpress\/ -->\n<title>Trabaja con nosotros - Seguin Moreau<\/title>\n<meta name=\"description\" content=\"\u00bfTe gustar\u00eda formar parte de Seguin Moreau? M\u00e1ndanos tu curr\u00edculum o cont\u00e1ctanos.\" \/>\n<meta name=\"robots\" content=\"index, follow, max-snippet:-1, max-image-preview:large, max-video-preview:-1\" \/>\n<link rel=\"canonical\" href=\"https:\/\/www.seguin-moreau.fr\/es\/noticias\/trabaja-con-nosotros\/\" \/>\n<meta property=\"og:locale\" content=\"es_ES\" \/>\n<meta property=\"og:type\" content=\"article\" \/>\n<meta property=\"og:title\" content=\"Trabaja con nosotros - Seguin Moreau\" \/>\n<meta property=\"og:description\" content=\"\u00bfTe gustar\u00eda formar parte de Seguin Moreau? M\u00e1ndanos tu curr\u00edculum o cont\u00e1ctanos.\" \/>\n<meta property=\"og:url\" content=\"https:\/\/www.seguin-moreau.fr\/es\/noticias\/trabaja-con-nosotros\/\" \/>\n<meta property=\"og:site_name\" content=\"Seguin Moreau\" \/>\n<meta property=\"article:modified_time\" content=\"2024-03-05T13:55:59+00:00\" \/>\n<meta name=\"twitter:card\" content=\"summary_large_image\" \/>\n<meta name=\"twitter:label1\" content=\"Tiempo de lectura\" \/>\n\t<meta name=\"twitter:data1\" content=\"1 minuto\" \/>\n<script type=\"application\/ld+json\" class=\"yoast-schema-graph\">{\"@context\":\"https:\/\/schema.org\",\"@graph\":[{\"@type\":\"WebPage\",\"@id\":\"https:\/\/www.seguin-moreau.fr\/es\/noticias\/trabaja-con-nosotros\/\",\"url\":\"https:\/\/www.seguin-moreau.fr\/es\/noticias\/trabaja-con-nosotros\/\",\"name\":\"Trabaja con nosotros - Seguin Moreau\",\"isPartOf\":{\"@id\":\"https:\/\/www.seguin-moreau.fr\/es\/#website\"},\"datePublished\":\"2023-11-09T08:36:41+00:00\",\"dateModified\":\"2024-03-05T13:55:59+00:00\",\"description\":\"\u00bfTe gustar\u00eda formar parte de Seguin Moreau? M\u00e1ndanos tu curr\u00edculum o cont\u00e1ctanos.\",\"breadcrumb\":{\"@id\":\"https:\/\/www.seguin-moreau.fr\/es\/noticias\/trabaja-con-nosotros\/#breadcrumb\"},\"inLanguage\":\"es\",\"potentialAction\":[{\"@type\":\"ReadAction\",\"target\":[\"https:\/\/www.seguin-moreau.fr\/es\/noticias\/trabaja-con-nosotros\/\"]}]},{\"@type\":\"BreadcrumbList\",\"@id\":\"https:\/\/www.seguin-moreau.fr\/es\/noticias\/trabaja-con-nosotros\/#breadcrumb\",\"itemListElement\":[{\"@type\":\"ListItem\",\"position\":1,\"name\":\"Accueil\",\"item\":\"https:\/\/www.seguin-moreau.fr\/es\/\"},{\"@type\":\"ListItem\",\"position\":2,\"name\":\"Noticias\",\"item\":\"https:\/\/www.seguin-moreau.fr\/es\/noticias\/\"},{\"@type\":\"ListItem\",\"position\":3,\"name\":\"Trabaja con nosotros\"}]},{\"@type\":\"WebSite\",\"@id\":\"https:\/\/www.seguin-moreau.fr\/es\/#website\",\"url\":\"https:\/\/www.seguin-moreau.fr\/es\/\",\"name\":\"Seguin Moreau\",\"description\":\"La tonnellerie qui allie savoir-faire artisanal et innovation \u00e0 Cognac.\",\"publisher\":{\"@id\":\"https:\/\/www.seguin-moreau.fr\/es\/#organization\"},\"potentialAction\":[{\"@type\":\"SearchAction\",\"target\":{\"@type\":\"EntryPoint\",\"urlTemplate\":\"https:\/\/www.seguin-moreau.fr\/es\/?s={search_term_string}\"},\"query-input\":{\"@type\":\"PropertyValueSpecification\",\"valueRequired\":true,\"valueName\":\"search_term_string\"}}],\"inLanguage\":\"es\"},{\"@type\":\"Organization\",\"@id\":\"https:\/\/www.seguin-moreau.fr\/es\/#organization\",\"name\":\"Seguin Moreau\",\"url\":\"https:\/\/www.seguin-moreau.fr\/es\/\",\"logo\":{\"@type\":\"ImageObject\",\"inLanguage\":\"es\",\"@id\":\"https:\/\/www.seguin-moreau.fr\/es\/#\/schema\/logo\/image\/\",\"url\":\"https:\/\/www.seguin-moreau.fr\/wp-content\/uploads\/2023\/01\/004-terre.png\",\"contentUrl\":\"https:\/\/www.seguin-moreau.fr\/wp-content\/uploads\/2023\/01\/004-terre.png\",\"width\":512,\"height\":512,\"caption\":\"Seguin Moreau\"},\"image\":{\"@id\":\"https:\/\/www.seguin-moreau.fr\/es\/#\/schema\/logo\/image\/\"}}]}<\/script>\n<!-- \/ Yoast SEO plugin. -->","yoast_head_json":{"title":"Trabaja con nosotros - Seguin Moreau","description":"\u00bfTe gustar\u00eda formar parte de Seguin Moreau? M\u00e1ndanos tu curr\u00edculum o cont\u00e1ctanos.","robots":{"index":"index","follow":"follow","max-snippet":"max-snippet:-1","max-image-preview":"max-image-preview:large","max-video-preview":"max-video-preview:-1"},"canonical":"https:\/\/www.seguin-moreau.fr\/es\/noticias\/trabaja-con-nosotros\/","og_locale":"es_ES","og_type":"article","og_title":"Trabaja con nosotros - Seguin Moreau","og_description":"\u00bfTe gustar\u00eda formar parte de Seguin Moreau? M\u00e1ndanos tu curr\u00edculum o cont\u00e1ctanos.","og_url":"https:\/\/www.seguin-moreau.fr\/es\/noticias\/trabaja-con-nosotros\/","og_site_name":"Seguin Moreau","article_modified_time":"2024-03-05T13:55:59+00:00","twitter_card":"summary_large_image","twitter_misc":{"Tiempo de lectura":"1 minuto"},"schema":{"@context":"https:\/\/schema.org","@graph":[{"@type":"WebPage","@id":"https:\/\/www.seguin-moreau.fr\/es\/noticias\/trabaja-con-nosotros\/","url":"https:\/\/www.seguin-moreau.fr\/es\/noticias\/trabaja-con-nosotros\/","name":"Trabaja con nosotros - Seguin Moreau","isPartOf":{"@id":"https:\/\/www.seguin-moreau.fr\/es\/#website"},"datePublished":"2023-11-09T08:36:41+00:00","dateModified":"2024-03-05T13:55:59+00:00","description":"\u00bfTe gustar\u00eda formar parte de Seguin Moreau? M\u00e1ndanos tu curr\u00edculum o cont\u00e1ctanos.","breadcrumb":{"@id":"https:\/\/www.seguin-moreau.fr\/es\/noticias\/trabaja-con-nosotros\/#breadcrumb"},"inLanguage":"es","potentialAction":[{"@type":"ReadAction","target":["https:\/\/www.seguin-moreau.fr\/es\/noticias\/trabaja-con-nosotros\/"]}]},{"@type":"BreadcrumbList","@id":"https:\/\/www.seguin-moreau.fr\/es\/noticias\/trabaja-con-nosotros\/#breadcrumb","itemListElement":[{"@type":"ListItem","position":1,"name":"Accueil","item":"https:\/\/www.seguin-moreau.fr\/es\/"},{"@type":"ListItem","position":2,"name":"Noticias","item":"https:\/\/www.seguin-moreau.fr\/es\/noticias\/"},{"@type":"ListItem","position":3,"name":"Trabaja con nosotros"}]},{"@type":"WebSite","@id":"https:\/\/www.seguin-moreau.fr\/es\/#website","url":"https:\/\/www.seguin-moreau.fr\/es\/","name":"Seguin Moreau","description":"La tonnellerie qui allie savoir-faire artisanal et innovation \u00e0 Cognac.","publisher":{"@id":"https:\/\/www.seguin-moreau.fr\/es\/#organization"},"potentialAction":[{"@type":"SearchAction","target":{"@type":"EntryPoint","urlTemplate":"https:\/\/www.seguin-moreau.fr\/es\/?s={search_term_string}"},"query-input":{"@type":"PropertyValueSpecification","valueRequired":true,"valueName":"search_term_string"}}],"inLanguage":"es"},{"@type":"Organization","@id":"https:\/\/www.seguin-moreau.fr\/es\/#organization","name":"Seguin Moreau","url":"https:\/\/www.seguin-moreau.fr\/es\/","logo":{"@type":"ImageObject","inLanguage":"es","@id":"https:\/\/www.seguin-moreau.fr\/es\/#\/schema\/logo\/image\/","url":"https:\/\/www.seguin-moreau.fr\/wp-content\/uploads\/2023\/01\/004-terre.png","contentUrl":"https:\/\/www.seguin-moreau.fr\/wp-content\/uploads\/2023\/01\/004-terre.png","width":512,"height":512,"caption":"Seguin Moreau"},"image":{"@id":"https:\/\/www.seguin-moreau.fr\/es\/#\/schema\/logo\/image\/"}}]}},"_links":{"self":[{"href":"https:\/\/www.seguin-moreau.fr\/es\/wp-json\/wp\/v2\/pages\/2792","targetHints":{"allow":["GET"]}}],"collection":[{"href":"https:\/\/www.seguin-moreau.fr\/es\/wp-json\/wp\/v2\/pages"}],"about":[{"href":"https:\/\/www.seguin-moreau.fr\/es\/wp-json\/wp\/v2\/types\/page"}],"author":[{"embeddable":true,"href":"https:\/\/www.seguin-moreau.fr\/es\/wp-json\/wp\/v2\/users\/1"}],"replies":[{"embeddable":true,"href":"https:\/\/www.seguin-moreau.fr\/es\/wp-json\/wp\/v2\/comments?post=2792"}],"version-history":[{"count":4,"href":"https:\/\/www.seguin-moreau.fr\/es\/wp-json\/wp\/v2\/pages\/2792\/revisions"}],"predecessor-version":[{"id":3441,"href":"https:\/\/www.seguin-moreau.fr\/es\/wp-json\/wp\/v2\/pages\/2792\/revisions\/3441"}],"up":[{"embeddable":true,"href":"https:\/\/www.seguin-moreau.fr\/es\/wp-json\/wp\/v2\/pages\/2789"}],"wp:attachment":[{"href":"https:\/\/www.seguin-moreau.fr\/es\/wp-json\/wp\/v2\/media?parent=2792"}],"curies":[{"name":"wp","href":"https:\/\/api.w.org\/{rel}","templated":true}]}}