{"id":2781,"date":"2023-10-06T15:34:16","date_gmt":"2023-10-06T13:34:16","guid":{"rendered":"https:\/\/www.seguin-moreau.fr\/les-gammes-spiritueux\/grands-contenants-spiritueux\/"},"modified":"2025-02-12T14:44:28","modified_gmt":"2025-02-12T13:44:28","slug":"toneles-de-gran-capacidad-destilados","status":"publish","type":"page","link":"https:\/\/www.seguin-moreau.fr\/es\/gamas-de-bebidas-espirituosas\/toneles-de-gran-capacidad-destilados\/","title":{"rendered":"Toneles de gran capacidad"},"content":{"rendered":"<p style=\"text-align: center;\">Nuestra toneler\u00eda artesanal, ubicada en Co\u00f1ac, fabrica <strong>fudres y cubas para destilados<\/strong> en madera de <strong>roble franc\u00e9s<\/strong>, con opci\u00f3n de <strong>certificado PEFC<\/strong>.<\/p>\n","protected":false},"excerpt":{"rendered":"<p>Fundada en Co\u00f1ac en 1877, Seguin Moreau ha adquirido una aut\u00e9ntica maestr\u00eda en el sector de los licores y destilados: co\u00f1ac, arma\u00f1ac, ron&#8230;<\/p>\n","protected":false},"author":1,"featured_media":1524,"parent":2775,"menu_order":0,"comment_status":"closed","ping_status":"closed","template":"","meta":{"_acf_changed":false,"inline_featured_image":false,"footnotes":""},"class_list":["post-2781","page","type-page","status-publish","has-post-thumbnail","hentry"],"acf":[],"yoast_head":"<!-- This site is optimized with the Yoast SEO plugin v26.8 - https:\/\/yoast.com\/product\/yoast-seo-wordpress\/ -->\n<title>Cubas y fudres de madera para destilados: una gama completa - Seguin Moreau<\/title>\n<meta name=\"description\" content=\"Nuestras cubas y fudres de roble franc\u00e9s para destilados se basan en el saber hacer ancestral de nuestra toneler\u00eda. Conozca nuestras gamas.\" \/>\n<meta name=\"robots\" content=\"index, follow, max-snippet:-1, max-image-preview:large, max-video-preview:-1\" \/>\n<link rel=\"canonical\" href=\"https:\/\/www.seguin-moreau.fr\/es\/gamas-de-bebidas-espirituosas\/toneles-de-gran-capacidad-destilados\/\" \/>\n<meta property=\"og:locale\" content=\"es_ES\" \/>\n<meta property=\"og:type\" content=\"article\" \/>\n<meta property=\"og:title\" content=\"Cubas y fudres de madera para destilados: una gama completa - Seguin Moreau\" \/>\n<meta property=\"og:description\" content=\"Nuestras cubas y fudres de roble franc\u00e9s para destilados se basan en el saber hacer ancestral de nuestra toneler\u00eda. Conozca nuestras gamas.\" \/>\n<meta property=\"og:url\" content=\"https:\/\/www.seguin-moreau.fr\/es\/gamas-de-bebidas-espirituosas\/toneles-de-gran-capacidad-destilados\/\" \/>\n<meta property=\"og:site_name\" content=\"Seguin Moreau\" \/>\n<meta property=\"article:modified_time\" content=\"2025-02-12T13:44:28+00:00\" \/>\n<meta property=\"og:image\" content=\"https:\/\/www.seguin-moreau.fr\/wp-content\/uploads\/2023\/11\/Grands_contenants_spiritueux_header-1024x683.jpeg\" \/>\n\t<meta property=\"og:image:width\" content=\"1024\" \/>\n\t<meta property=\"og:image:height\" content=\"683\" \/>\n\t<meta property=\"og:image:type\" content=\"image\/jpeg\" \/>\n<meta name=\"twitter:card\" content=\"summary_large_image\" \/>\n<meta name=\"twitter:label1\" content=\"Tiempo de lectura\" \/>\n\t<meta name=\"twitter:data1\" content=\"1 minuto\" \/>\n<script type=\"application\/ld+json\" class=\"yoast-schema-graph\">{\"@context\":\"https:\/\/schema.org\",\"@graph\":[{\"@type\":\"WebPage\",\"@id\":\"https:\/\/www.seguin-moreau.fr\/es\/gamas-de-bebidas-espirituosas\/toneles-de-gran-capacidad-destilados\/\",\"url\":\"https:\/\/www.seguin-moreau.fr\/es\/gamas-de-bebidas-espirituosas\/toneles-de-gran-capacidad-destilados\/\",\"name\":\"Cubas y fudres de madera para destilados: una gama completa - Seguin Moreau\",\"isPartOf\":{\"@id\":\"https:\/\/www.seguin-moreau.fr\/es\/#website\"},\"primaryImageOfPage\":{\"@id\":\"https:\/\/www.seguin-moreau.fr\/es\/gamas-de-bebidas-espirituosas\/toneles-de-gran-capacidad-destilados\/#primaryimage\"},\"image\":{\"@id\":\"https:\/\/www.seguin-moreau.fr\/es\/gamas-de-bebidas-espirituosas\/toneles-de-gran-capacidad-destilados\/#primaryimage\"},\"thumbnailUrl\":\"https:\/\/www.seguin-moreau.fr\/wp-content\/uploads\/2023\/11\/Grands_contenants_spiritueux_header.jpeg\",\"datePublished\":\"2023-10-06T13:34:16+00:00\",\"dateModified\":\"2025-02-12T13:44:28+00:00\",\"description\":\"Nuestras cubas y fudres de roble franc\u00e9s para destilados se basan en el saber hacer ancestral de nuestra toneler\u00eda. Conozca nuestras gamas.\",\"breadcrumb\":{\"@id\":\"https:\/\/www.seguin-moreau.fr\/es\/gamas-de-bebidas-espirituosas\/toneles-de-gran-capacidad-destilados\/#breadcrumb\"},\"inLanguage\":\"es\",\"potentialAction\":[{\"@type\":\"ReadAction\",\"target\":[\"https:\/\/www.seguin-moreau.fr\/es\/gamas-de-bebidas-espirituosas\/toneles-de-gran-capacidad-destilados\/\"]}]},{\"@type\":\"ImageObject\",\"inLanguage\":\"es\",\"@id\":\"https:\/\/www.seguin-moreau.fr\/es\/gamas-de-bebidas-espirituosas\/toneles-de-gran-capacidad-destilados\/#primaryimage\",\"url\":\"https:\/\/www.seguin-moreau.fr\/wp-content\/uploads\/2023\/11\/Grands_contenants_spiritueux_header.jpeg\",\"contentUrl\":\"https:\/\/www.seguin-moreau.fr\/wp-content\/uploads\/2023\/11\/Grands_contenants_spiritueux_header.jpeg\",\"width\":2560,\"height\":1707},{\"@type\":\"BreadcrumbList\",\"@id\":\"https:\/\/www.seguin-moreau.fr\/es\/gamas-de-bebidas-espirituosas\/toneles-de-gran-capacidad-destilados\/#breadcrumb\",\"itemListElement\":[{\"@type\":\"ListItem\",\"position\":1,\"name\":\"Accueil\",\"item\":\"https:\/\/www.seguin-moreau.fr\/es\/\"},{\"@type\":\"ListItem\",\"position\":2,\"name\":\"Gamas de bebidas espirituosas\",\"item\":\"https:\/\/www.seguin-moreau.fr\/es\/gamas-de-bebidas-espirituosas\/\"},{\"@type\":\"ListItem\",\"position\":3,\"name\":\"Toneles de gran capacidad\"}]},{\"@type\":\"WebSite\",\"@id\":\"https:\/\/www.seguin-moreau.fr\/es\/#website\",\"url\":\"https:\/\/www.seguin-moreau.fr\/es\/\",\"name\":\"Seguin Moreau\",\"description\":\"La tonnellerie qui allie savoir-faire artisanal et innovation \u00e0 Cognac.\",\"publisher\":{\"@id\":\"https:\/\/www.seguin-moreau.fr\/es\/#organization\"},\"potentialAction\":[{\"@type\":\"SearchAction\",\"target\":{\"@type\":\"EntryPoint\",\"urlTemplate\":\"https:\/\/www.seguin-moreau.fr\/es\/?s={search_term_string}\"},\"query-input\":{\"@type\":\"PropertyValueSpecification\",\"valueRequired\":true,\"valueName\":\"search_term_string\"}}],\"inLanguage\":\"es\"},{\"@type\":\"Organization\",\"@id\":\"https:\/\/www.seguin-moreau.fr\/es\/#organization\",\"name\":\"Seguin Moreau\",\"url\":\"https:\/\/www.seguin-moreau.fr\/es\/\",\"logo\":{\"@type\":\"ImageObject\",\"inLanguage\":\"es\",\"@id\":\"https:\/\/www.seguin-moreau.fr\/es\/#\/schema\/logo\/image\/\",\"url\":\"https:\/\/www.seguin-moreau.fr\/wp-content\/uploads\/2023\/01\/004-terre.png\",\"contentUrl\":\"https:\/\/www.seguin-moreau.fr\/wp-content\/uploads\/2023\/01\/004-terre.png\",\"width\":512,\"height\":512,\"caption\":\"Seguin Moreau\"},\"image\":{\"@id\":\"https:\/\/www.seguin-moreau.fr\/es\/#\/schema\/logo\/image\/\"}}]}<\/script>\n<!-- \/ Yoast SEO plugin. -->","yoast_head_json":{"title":"Cubas y fudres de madera para destilados: una gama completa - Seguin Moreau","description":"Nuestras cubas y fudres de roble franc\u00e9s para destilados se basan en el saber hacer ancestral de nuestra toneler\u00eda. Conozca nuestras gamas.","robots":{"index":"index","follow":"follow","max-snippet":"max-snippet:-1","max-image-preview":"max-image-preview:large","max-video-preview":"max-video-preview:-1"},"canonical":"https:\/\/www.seguin-moreau.fr\/es\/gamas-de-bebidas-espirituosas\/toneles-de-gran-capacidad-destilados\/","og_locale":"es_ES","og_type":"article","og_title":"Cubas y fudres de madera para destilados: una gama completa - Seguin Moreau","og_description":"Nuestras cubas y fudres de roble franc\u00e9s para destilados se basan en el saber hacer ancestral de nuestra toneler\u00eda. Conozca nuestras gamas.","og_url":"https:\/\/www.seguin-moreau.fr\/es\/gamas-de-bebidas-espirituosas\/toneles-de-gran-capacidad-destilados\/","og_site_name":"Seguin Moreau","article_modified_time":"2025-02-12T13:44:28+00:00","og_image":[{"width":1024,"height":683,"url":"https:\/\/www.seguin-moreau.fr\/wp-content\/uploads\/2023\/11\/Grands_contenants_spiritueux_header-1024x683.jpeg","type":"image\/jpeg"}],"twitter_card":"summary_large_image","twitter_misc":{"Tiempo de lectura":"1 minuto"},"schema":{"@context":"https:\/\/schema.org","@graph":[{"@type":"WebPage","@id":"https:\/\/www.seguin-moreau.fr\/es\/gamas-de-bebidas-espirituosas\/toneles-de-gran-capacidad-destilados\/","url":"https:\/\/www.seguin-moreau.fr\/es\/gamas-de-bebidas-espirituosas\/toneles-de-gran-capacidad-destilados\/","name":"Cubas y fudres de madera para destilados: una gama completa - Seguin Moreau","isPartOf":{"@id":"https:\/\/www.seguin-moreau.fr\/es\/#website"},"primaryImageOfPage":{"@id":"https:\/\/www.seguin-moreau.fr\/es\/gamas-de-bebidas-espirituosas\/toneles-de-gran-capacidad-destilados\/#primaryimage"},"image":{"@id":"https:\/\/www.seguin-moreau.fr\/es\/gamas-de-bebidas-espirituosas\/toneles-de-gran-capacidad-destilados\/#primaryimage"},"thumbnailUrl":"https:\/\/www.seguin-moreau.fr\/wp-content\/uploads\/2023\/11\/Grands_contenants_spiritueux_header.jpeg","datePublished":"2023-10-06T13:34:16+00:00","dateModified":"2025-02-12T13:44:28+00:00","description":"Nuestras cubas y fudres de roble franc\u00e9s para destilados se basan en el saber hacer ancestral de nuestra toneler\u00eda. Conozca nuestras gamas.","breadcrumb":{"@id":"https:\/\/www.seguin-moreau.fr\/es\/gamas-de-bebidas-espirituosas\/toneles-de-gran-capacidad-destilados\/#breadcrumb"},"inLanguage":"es","potentialAction":[{"@type":"ReadAction","target":["https:\/\/www.seguin-moreau.fr\/es\/gamas-de-bebidas-espirituosas\/toneles-de-gran-capacidad-destilados\/"]}]},{"@type":"ImageObject","inLanguage":"es","@id":"https:\/\/www.seguin-moreau.fr\/es\/gamas-de-bebidas-espirituosas\/toneles-de-gran-capacidad-destilados\/#primaryimage","url":"https:\/\/www.seguin-moreau.fr\/wp-content\/uploads\/2023\/11\/Grands_contenants_spiritueux_header.jpeg","contentUrl":"https:\/\/www.seguin-moreau.fr\/wp-content\/uploads\/2023\/11\/Grands_contenants_spiritueux_header.jpeg","width":2560,"height":1707},{"@type":"BreadcrumbList","@id":"https:\/\/www.seguin-moreau.fr\/es\/gamas-de-bebidas-espirituosas\/toneles-de-gran-capacidad-destilados\/#breadcrumb","itemListElement":[{"@type":"ListItem","position":1,"name":"Accueil","item":"https:\/\/www.seguin-moreau.fr\/es\/"},{"@type":"ListItem","position":2,"name":"Gamas de bebidas espirituosas","item":"https:\/\/www.seguin-moreau.fr\/es\/gamas-de-bebidas-espirituosas\/"},{"@type":"ListItem","position":3,"name":"Toneles de gran capacidad"}]},{"@type":"WebSite","@id":"https:\/\/www.seguin-moreau.fr\/es\/#website","url":"https:\/\/www.seguin-moreau.fr\/es\/","name":"Seguin Moreau","description":"La tonnellerie qui allie savoir-faire artisanal et innovation \u00e0 Cognac.","publisher":{"@id":"https:\/\/www.seguin-moreau.fr\/es\/#organization"},"potentialAction":[{"@type":"SearchAction","target":{"@type":"EntryPoint","urlTemplate":"https:\/\/www.seguin-moreau.fr\/es\/?s={search_term_string}"},"query-input":{"@type":"PropertyValueSpecification","valueRequired":true,"valueName":"search_term_string"}}],"inLanguage":"es"},{"@type":"Organization","@id":"https:\/\/www.seguin-moreau.fr\/es\/#organization","name":"Seguin Moreau","url":"https:\/\/www.seguin-moreau.fr\/es\/","logo":{"@type":"ImageObject","inLanguage":"es","@id":"https:\/\/www.seguin-moreau.fr\/es\/#\/schema\/logo\/image\/","url":"https:\/\/www.seguin-moreau.fr\/wp-content\/uploads\/2023\/01\/004-terre.png","contentUrl":"https:\/\/www.seguin-moreau.fr\/wp-content\/uploads\/2023\/01\/004-terre.png","width":512,"height":512,"caption":"Seguin Moreau"},"image":{"@id":"https:\/\/www.seguin-moreau.fr\/es\/#\/schema\/logo\/image\/"}}]}},"_links":{"self":[{"href":"https:\/\/www.seguin-moreau.fr\/es\/wp-json\/wp\/v2\/pages\/2781","targetHints":{"allow":["GET"]}}],"collection":[{"href":"https:\/\/www.seguin-moreau.fr\/es\/wp-json\/wp\/v2\/pages"}],"about":[{"href":"https:\/\/www.seguin-moreau.fr\/es\/wp-json\/wp\/v2\/types\/page"}],"author":[{"embeddable":true,"href":"https:\/\/www.seguin-moreau.fr\/es\/wp-json\/wp\/v2\/users\/1"}],"replies":[{"embeddable":true,"href":"https:\/\/www.seguin-moreau.fr\/es\/wp-json\/wp\/v2\/comments?post=2781"}],"version-history":[{"count":6,"href":"https:\/\/www.seguin-moreau.fr\/es\/wp-json\/wp\/v2\/pages\/2781\/revisions"}],"predecessor-version":[{"id":4330,"href":"https:\/\/www.seguin-moreau.fr\/es\/wp-json\/wp\/v2\/pages\/2781\/revisions\/4330"}],"up":[{"embeddable":true,"href":"https:\/\/www.seguin-moreau.fr\/es\/wp-json\/wp\/v2\/pages\/2775"}],"wp:featuredmedia":[{"embeddable":true,"href":"https:\/\/www.seguin-moreau.fr\/es\/wp-json\/wp\/v2\/media\/1524"}],"wp:attachment":[{"href":"https:\/\/www.seguin-moreau.fr\/es\/wp-json\/wp\/v2\/media?parent=2781"}],"curies":[{"name":"wp","href":"https:\/\/api.w.org\/{rel}","templated":true}]}}