{"id":2778,"date":"2023-10-06T15:33:23","date_gmt":"2023-10-06T13:33:23","guid":{"rendered":"https:\/\/www.seguin-moreau.fr\/les-gammes-spiritueux\/barriques-spiritueux\/"},"modified":"2024-03-05T14:36:08","modified_gmt":"2024-03-05T13:36:08","slug":"barricas-destilados","status":"publish","type":"page","link":"https:\/\/www.seguin-moreau.fr\/es\/gamas-de-bebidas-espirituosas\/barricas-destilados\/","title":{"rendered":"Barricas"},"content":{"rendered":"<p style=\"text-align: center;\">Nuestras barricas para destilados, ya sea co\u00f1ac, whisky u otros aguardientes, se fabrican en nuestra toneler\u00eda artesanal de Co\u00f1ac.<\/p>\n","protected":false},"excerpt":{"rendered":"<p>Aunque la barrica de Co\u00f1ac suele ser de 350 litros, nuestra gama incluye diferentes tama\u00f1os y tostados especiales para whisky, bourbon, ron, vodka&#8230; \u00a1y co\u00f1ac!<\/p>\n","protected":false},"author":1,"featured_media":946,"parent":2775,"menu_order":0,"comment_status":"closed","ping_status":"closed","template":"","meta":{"_acf_changed":false,"inline_featured_image":false,"footnotes":""},"class_list":["post-2778","page","type-page","status-publish","has-post-thumbnail","hentry"],"acf":[],"yoast_head":"<!-- This site is optimized with the Yoast SEO plugin v26.8 - https:\/\/yoast.com\/product\/yoast-seo-wordpress\/ -->\n<title>Barricas para destilados: barriles de co\u00f1ac, whisky o aguardiente - Seguin Moreau<\/title>\n<meta name=\"description\" content=\"Tenemos la barrica perfecta para el a\u00f1ejamiento de sus destilados, fabricada en nuestra toneler\u00eda artesanal de Co\u00f1ac.\" \/>\n<meta name=\"robots\" content=\"index, follow, max-snippet:-1, max-image-preview:large, max-video-preview:-1\" \/>\n<link rel=\"canonical\" href=\"https:\/\/www.seguin-moreau.fr\/es\/gamas-de-bebidas-espirituosas\/barricas-destilados\/\" \/>\n<meta property=\"og:locale\" content=\"es_ES\" \/>\n<meta property=\"og:type\" content=\"article\" \/>\n<meta property=\"og:title\" content=\"Barricas para destilados: barriles de co\u00f1ac, whisky o aguardiente - Seguin Moreau\" \/>\n<meta property=\"og:description\" content=\"Tenemos la barrica perfecta para el a\u00f1ejamiento de sus destilados, fabricada en nuestra toneler\u00eda artesanal de Co\u00f1ac.\" \/>\n<meta property=\"og:url\" content=\"https:\/\/www.seguin-moreau.fr\/es\/gamas-de-bebidas-espirituosas\/barricas-destilados\/\" \/>\n<meta property=\"og:site_name\" content=\"Seguin Moreau\" \/>\n<meta property=\"article:modified_time\" content=\"2024-03-05T13:36:08+00:00\" \/>\n<meta property=\"og:image\" content=\"https:\/\/www.seguin-moreau.fr\/wp-content\/uploads\/2023\/11\/Barriques-spi-header-1024x683.jpg\" \/>\n\t<meta property=\"og:image:width\" content=\"1024\" \/>\n\t<meta property=\"og:image:height\" content=\"683\" \/>\n\t<meta property=\"og:image:type\" content=\"image\/jpeg\" \/>\n<meta name=\"twitter:card\" content=\"summary_large_image\" \/>\n<meta name=\"twitter:label1\" content=\"Tiempo de lectura\" \/>\n\t<meta name=\"twitter:data1\" content=\"1 minuto\" \/>\n<script type=\"application\/ld+json\" class=\"yoast-schema-graph\">{\"@context\":\"https:\/\/schema.org\",\"@graph\":[{\"@type\":\"WebPage\",\"@id\":\"https:\/\/www.seguin-moreau.fr\/es\/gamas-de-bebidas-espirituosas\/barricas-destilados\/\",\"url\":\"https:\/\/www.seguin-moreau.fr\/es\/gamas-de-bebidas-espirituosas\/barricas-destilados\/\",\"name\":\"Barricas para destilados: barriles de co\u00f1ac, whisky o aguardiente - Seguin Moreau\",\"isPartOf\":{\"@id\":\"https:\/\/www.seguin-moreau.fr\/es\/#website\"},\"primaryImageOfPage\":{\"@id\":\"https:\/\/www.seguin-moreau.fr\/es\/gamas-de-bebidas-espirituosas\/barricas-destilados\/#primaryimage\"},\"image\":{\"@id\":\"https:\/\/www.seguin-moreau.fr\/es\/gamas-de-bebidas-espirituosas\/barricas-destilados\/#primaryimage\"},\"thumbnailUrl\":\"https:\/\/www.seguin-moreau.fr\/wp-content\/uploads\/2023\/11\/Barriques-spi-header.jpg\",\"datePublished\":\"2023-10-06T13:33:23+00:00\",\"dateModified\":\"2024-03-05T13:36:08+00:00\",\"description\":\"Tenemos la barrica perfecta para el a\u00f1ejamiento de sus destilados, fabricada en nuestra toneler\u00eda artesanal de Co\u00f1ac.\",\"breadcrumb\":{\"@id\":\"https:\/\/www.seguin-moreau.fr\/es\/gamas-de-bebidas-espirituosas\/barricas-destilados\/#breadcrumb\"},\"inLanguage\":\"es\",\"potentialAction\":[{\"@type\":\"ReadAction\",\"target\":[\"https:\/\/www.seguin-moreau.fr\/es\/gamas-de-bebidas-espirituosas\/barricas-destilados\/\"]}]},{\"@type\":\"ImageObject\",\"inLanguage\":\"es\",\"@id\":\"https:\/\/www.seguin-moreau.fr\/es\/gamas-de-bebidas-espirituosas\/barricas-destilados\/#primaryimage\",\"url\":\"https:\/\/www.seguin-moreau.fr\/wp-content\/uploads\/2023\/11\/Barriques-spi-header.jpg\",\"contentUrl\":\"https:\/\/www.seguin-moreau.fr\/wp-content\/uploads\/2023\/11\/Barriques-spi-header.jpg\",\"width\":2560,\"height\":1707},{\"@type\":\"BreadcrumbList\",\"@id\":\"https:\/\/www.seguin-moreau.fr\/es\/gamas-de-bebidas-espirituosas\/barricas-destilados\/#breadcrumb\",\"itemListElement\":[{\"@type\":\"ListItem\",\"position\":1,\"name\":\"Accueil\",\"item\":\"https:\/\/www.seguin-moreau.fr\/es\/\"},{\"@type\":\"ListItem\",\"position\":2,\"name\":\"Gamas de bebidas espirituosas\",\"item\":\"https:\/\/www.seguin-moreau.fr\/es\/gamas-de-bebidas-espirituosas\/\"},{\"@type\":\"ListItem\",\"position\":3,\"name\":\"Barricas\"}]},{\"@type\":\"WebSite\",\"@id\":\"https:\/\/www.seguin-moreau.fr\/es\/#website\",\"url\":\"https:\/\/www.seguin-moreau.fr\/es\/\",\"name\":\"Seguin Moreau\",\"description\":\"La tonnellerie qui allie savoir-faire artisanal et innovation \u00e0 Cognac.\",\"publisher\":{\"@id\":\"https:\/\/www.seguin-moreau.fr\/es\/#organization\"},\"potentialAction\":[{\"@type\":\"SearchAction\",\"target\":{\"@type\":\"EntryPoint\",\"urlTemplate\":\"https:\/\/www.seguin-moreau.fr\/es\/?s={search_term_string}\"},\"query-input\":{\"@type\":\"PropertyValueSpecification\",\"valueRequired\":true,\"valueName\":\"search_term_string\"}}],\"inLanguage\":\"es\"},{\"@type\":\"Organization\",\"@id\":\"https:\/\/www.seguin-moreau.fr\/es\/#organization\",\"name\":\"Seguin Moreau\",\"url\":\"https:\/\/www.seguin-moreau.fr\/es\/\",\"logo\":{\"@type\":\"ImageObject\",\"inLanguage\":\"es\",\"@id\":\"https:\/\/www.seguin-moreau.fr\/es\/#\/schema\/logo\/image\/\",\"url\":\"https:\/\/www.seguin-moreau.fr\/wp-content\/uploads\/2023\/01\/004-terre.png\",\"contentUrl\":\"https:\/\/www.seguin-moreau.fr\/wp-content\/uploads\/2023\/01\/004-terre.png\",\"width\":512,\"height\":512,\"caption\":\"Seguin Moreau\"},\"image\":{\"@id\":\"https:\/\/www.seguin-moreau.fr\/es\/#\/schema\/logo\/image\/\"}}]}<\/script>\n<!-- \/ Yoast SEO plugin. -->","yoast_head_json":{"title":"Barricas para destilados: barriles de co\u00f1ac, whisky o aguardiente - Seguin Moreau","description":"Tenemos la barrica perfecta para el a\u00f1ejamiento de sus destilados, fabricada en nuestra toneler\u00eda artesanal de Co\u00f1ac.","robots":{"index":"index","follow":"follow","max-snippet":"max-snippet:-1","max-image-preview":"max-image-preview:large","max-video-preview":"max-video-preview:-1"},"canonical":"https:\/\/www.seguin-moreau.fr\/es\/gamas-de-bebidas-espirituosas\/barricas-destilados\/","og_locale":"es_ES","og_type":"article","og_title":"Barricas para destilados: barriles de co\u00f1ac, whisky o aguardiente - Seguin Moreau","og_description":"Tenemos la barrica perfecta para el a\u00f1ejamiento de sus destilados, fabricada en nuestra toneler\u00eda artesanal de Co\u00f1ac.","og_url":"https:\/\/www.seguin-moreau.fr\/es\/gamas-de-bebidas-espirituosas\/barricas-destilados\/","og_site_name":"Seguin Moreau","article_modified_time":"2024-03-05T13:36:08+00:00","og_image":[{"width":1024,"height":683,"url":"https:\/\/www.seguin-moreau.fr\/wp-content\/uploads\/2023\/11\/Barriques-spi-header-1024x683.jpg","type":"image\/jpeg"}],"twitter_card":"summary_large_image","twitter_misc":{"Tiempo de lectura":"1 minuto"},"schema":{"@context":"https:\/\/schema.org","@graph":[{"@type":"WebPage","@id":"https:\/\/www.seguin-moreau.fr\/es\/gamas-de-bebidas-espirituosas\/barricas-destilados\/","url":"https:\/\/www.seguin-moreau.fr\/es\/gamas-de-bebidas-espirituosas\/barricas-destilados\/","name":"Barricas para destilados: barriles de co\u00f1ac, whisky o aguardiente - Seguin Moreau","isPartOf":{"@id":"https:\/\/www.seguin-moreau.fr\/es\/#website"},"primaryImageOfPage":{"@id":"https:\/\/www.seguin-moreau.fr\/es\/gamas-de-bebidas-espirituosas\/barricas-destilados\/#primaryimage"},"image":{"@id":"https:\/\/www.seguin-moreau.fr\/es\/gamas-de-bebidas-espirituosas\/barricas-destilados\/#primaryimage"},"thumbnailUrl":"https:\/\/www.seguin-moreau.fr\/wp-content\/uploads\/2023\/11\/Barriques-spi-header.jpg","datePublished":"2023-10-06T13:33:23+00:00","dateModified":"2024-03-05T13:36:08+00:00","description":"Tenemos la barrica perfecta para el a\u00f1ejamiento de sus destilados, fabricada en nuestra toneler\u00eda artesanal de Co\u00f1ac.","breadcrumb":{"@id":"https:\/\/www.seguin-moreau.fr\/es\/gamas-de-bebidas-espirituosas\/barricas-destilados\/#breadcrumb"},"inLanguage":"es","potentialAction":[{"@type":"ReadAction","target":["https:\/\/www.seguin-moreau.fr\/es\/gamas-de-bebidas-espirituosas\/barricas-destilados\/"]}]},{"@type":"ImageObject","inLanguage":"es","@id":"https:\/\/www.seguin-moreau.fr\/es\/gamas-de-bebidas-espirituosas\/barricas-destilados\/#primaryimage","url":"https:\/\/www.seguin-moreau.fr\/wp-content\/uploads\/2023\/11\/Barriques-spi-header.jpg","contentUrl":"https:\/\/www.seguin-moreau.fr\/wp-content\/uploads\/2023\/11\/Barriques-spi-header.jpg","width":2560,"height":1707},{"@type":"BreadcrumbList","@id":"https:\/\/www.seguin-moreau.fr\/es\/gamas-de-bebidas-espirituosas\/barricas-destilados\/#breadcrumb","itemListElement":[{"@type":"ListItem","position":1,"name":"Accueil","item":"https:\/\/www.seguin-moreau.fr\/es\/"},{"@type":"ListItem","position":2,"name":"Gamas de bebidas espirituosas","item":"https:\/\/www.seguin-moreau.fr\/es\/gamas-de-bebidas-espirituosas\/"},{"@type":"ListItem","position":3,"name":"Barricas"}]},{"@type":"WebSite","@id":"https:\/\/www.seguin-moreau.fr\/es\/#website","url":"https:\/\/www.seguin-moreau.fr\/es\/","name":"Seguin Moreau","description":"La tonnellerie qui allie savoir-faire artisanal et innovation \u00e0 Cognac.","publisher":{"@id":"https:\/\/www.seguin-moreau.fr\/es\/#organization"},"potentialAction":[{"@type":"SearchAction","target":{"@type":"EntryPoint","urlTemplate":"https:\/\/www.seguin-moreau.fr\/es\/?s={search_term_string}"},"query-input":{"@type":"PropertyValueSpecification","valueRequired":true,"valueName":"search_term_string"}}],"inLanguage":"es"},{"@type":"Organization","@id":"https:\/\/www.seguin-moreau.fr\/es\/#organization","name":"Seguin Moreau","url":"https:\/\/www.seguin-moreau.fr\/es\/","logo":{"@type":"ImageObject","inLanguage":"es","@id":"https:\/\/www.seguin-moreau.fr\/es\/#\/schema\/logo\/image\/","url":"https:\/\/www.seguin-moreau.fr\/wp-content\/uploads\/2023\/01\/004-terre.png","contentUrl":"https:\/\/www.seguin-moreau.fr\/wp-content\/uploads\/2023\/01\/004-terre.png","width":512,"height":512,"caption":"Seguin Moreau"},"image":{"@id":"https:\/\/www.seguin-moreau.fr\/es\/#\/schema\/logo\/image\/"}}]}},"_links":{"self":[{"href":"https:\/\/www.seguin-moreau.fr\/es\/wp-json\/wp\/v2\/pages\/2778","targetHints":{"allow":["GET"]}}],"collection":[{"href":"https:\/\/www.seguin-moreau.fr\/es\/wp-json\/wp\/v2\/pages"}],"about":[{"href":"https:\/\/www.seguin-moreau.fr\/es\/wp-json\/wp\/v2\/types\/page"}],"author":[{"embeddable":true,"href":"https:\/\/www.seguin-moreau.fr\/es\/wp-json\/wp\/v2\/users\/1"}],"replies":[{"embeddable":true,"href":"https:\/\/www.seguin-moreau.fr\/es\/wp-json\/wp\/v2\/comments?post=2778"}],"version-history":[{"count":4,"href":"https:\/\/www.seguin-moreau.fr\/es\/wp-json\/wp\/v2\/pages\/2778\/revisions"}],"predecessor-version":[{"id":3436,"href":"https:\/\/www.seguin-moreau.fr\/es\/wp-json\/wp\/v2\/pages\/2778\/revisions\/3436"}],"up":[{"embeddable":true,"href":"https:\/\/www.seguin-moreau.fr\/es\/wp-json\/wp\/v2\/pages\/2775"}],"wp:featuredmedia":[{"embeddable":true,"href":"https:\/\/www.seguin-moreau.fr\/es\/wp-json\/wp\/v2\/media\/946"}],"wp:attachment":[{"href":"https:\/\/www.seguin-moreau.fr\/es\/wp-json\/wp\/v2\/media?parent=2778"}],"curies":[{"name":"wp","href":"https:\/\/api.w.org\/{rel}","templated":true}]}}