{"id":2766,"date":"2023-10-06T15:29:32","date_gmt":"2023-10-06T13:29:32","guid":{"rendered":"https:\/\/www.seguin-moreau.fr\/les-gammes-vin\/barriques-vin\/"},"modified":"2025-12-09T11:46:27","modified_gmt":"2025-12-09T10:46:27","slug":"barricas-vinos","status":"publish","type":"page","link":"https:\/\/www.seguin-moreau.fr\/es\/gamas-de-vinos\/barricas-vinos\/","title":{"rendered":"Barricas"},"content":{"rendered":"<p style=\"text-align: center;\"><strong>Barricas<\/strong> de vino, de <strong>225 o 228<\/strong> litros u otras capacidades: una oferta completa y de <strong>calidad<\/strong> para satisfacer sus necesidades <strong>enol\u00f3gicas<\/strong>.<\/p>\n","protected":false},"excerpt":{"rendered":"<p>El tipo y el grano de la madera, los an\u00e1lisis cient\u00edficos, el tostado o la t\u00e9cnica tonelera son algunos de los factores que intervienen en la fabricaci\u00f3n de una barrica, \u00a1cree la suya propia!<\/p>\n","protected":false},"author":1,"featured_media":445,"parent":2763,"menu_order":0,"comment_status":"closed","ping_status":"closed","template":"","meta":{"_acf_changed":false,"inline_featured_image":false,"footnotes":""},"class_list":["post-2766","page","type-page","status-publish","has-post-thumbnail","hentry"],"acf":[],"yoast_head":"<!-- This site is optimized with the Yoast SEO plugin v26.8 - https:\/\/yoast.com\/product\/yoast-seo-wordpress\/ -->\n<title>Nuestras barricas de madera: una gama personalizable e innovadora - Seguin Moreau<\/title>\n<meta name=\"description\" content=\"Cree su propia barrica de vino: de 255 o 228 litros, de roble franc\u00e9s o americano... Aqu\u00ed encontrar\u00e1 el producto id\u00f3neo para la crianza de sus vinos.\" \/>\n<meta name=\"robots\" content=\"index, follow, max-snippet:-1, max-image-preview:large, max-video-preview:-1\" \/>\n<link rel=\"canonical\" href=\"https:\/\/www.seguin-moreau.fr\/es\/gamas-de-vinos\/barricas-vinos\/\" \/>\n<meta property=\"og:locale\" content=\"es_ES\" \/>\n<meta property=\"og:type\" content=\"article\" \/>\n<meta property=\"og:title\" content=\"Nuestras barricas de madera: una gama personalizable e innovadora - Seguin Moreau\" \/>\n<meta property=\"og:description\" content=\"Cree su propia barrica de vino: de 255 o 228 litros, de roble franc\u00e9s o americano... Aqu\u00ed encontrar\u00e1 el producto id\u00f3neo para la crianza de sus vinos.\" \/>\n<meta property=\"og:url\" content=\"https:\/\/www.seguin-moreau.fr\/es\/gamas-de-vinos\/barricas-vinos\/\" \/>\n<meta property=\"og:site_name\" content=\"Seguin Moreau\" \/>\n<meta property=\"article:modified_time\" content=\"2025-12-09T10:46:27+00:00\" \/>\n<meta property=\"og:image\" content=\"https:\/\/www.seguin-moreau.fr\/wp-content\/uploads\/2023\/10\/Barriques-1024x683.jpg\" \/>\n\t<meta property=\"og:image:width\" content=\"1024\" \/>\n\t<meta property=\"og:image:height\" content=\"683\" \/>\n\t<meta property=\"og:image:type\" content=\"image\/jpeg\" \/>\n<meta name=\"twitter:card\" content=\"summary_large_image\" \/>\n<meta name=\"twitter:label1\" content=\"Tiempo de lectura\" \/>\n\t<meta name=\"twitter:data1\" content=\"1 minuto\" \/>\n<script type=\"application\/ld+json\" class=\"yoast-schema-graph\">{\"@context\":\"https:\/\/schema.org\",\"@graph\":[{\"@type\":\"WebPage\",\"@id\":\"https:\/\/www.seguin-moreau.fr\/es\/gamas-de-vinos\/barricas-vinos\/\",\"url\":\"https:\/\/www.seguin-moreau.fr\/es\/gamas-de-vinos\/barricas-vinos\/\",\"name\":\"Nuestras barricas de madera: una gama personalizable e innovadora - Seguin Moreau\",\"isPartOf\":{\"@id\":\"https:\/\/www.seguin-moreau.fr\/es\/#website\"},\"primaryImageOfPage\":{\"@id\":\"https:\/\/www.seguin-moreau.fr\/es\/gamas-de-vinos\/barricas-vinos\/#primaryimage\"},\"image\":{\"@id\":\"https:\/\/www.seguin-moreau.fr\/es\/gamas-de-vinos\/barricas-vinos\/#primaryimage\"},\"thumbnailUrl\":\"https:\/\/www.seguin-moreau.fr\/wp-content\/uploads\/2023\/10\/Barriques.jpg\",\"datePublished\":\"2023-10-06T13:29:32+00:00\",\"dateModified\":\"2025-12-09T10:46:27+00:00\",\"description\":\"Cree su propia barrica de vino: de 255 o 228 litros, de roble franc\u00e9s o americano... Aqu\u00ed encontrar\u00e1 el producto id\u00f3neo para la crianza de sus vinos.\",\"breadcrumb\":{\"@id\":\"https:\/\/www.seguin-moreau.fr\/es\/gamas-de-vinos\/barricas-vinos\/#breadcrumb\"},\"inLanguage\":\"es\",\"potentialAction\":[{\"@type\":\"ReadAction\",\"target\":[\"https:\/\/www.seguin-moreau.fr\/es\/gamas-de-vinos\/barricas-vinos\/\"]}]},{\"@type\":\"ImageObject\",\"inLanguage\":\"es\",\"@id\":\"https:\/\/www.seguin-moreau.fr\/es\/gamas-de-vinos\/barricas-vinos\/#primaryimage\",\"url\":\"https:\/\/www.seguin-moreau.fr\/wp-content\/uploads\/2023\/10\/Barriques.jpg\",\"contentUrl\":\"https:\/\/www.seguin-moreau.fr\/wp-content\/uploads\/2023\/10\/Barriques.jpg\",\"width\":2560,\"height\":1707,\"caption\":\"barrique pour vin en bois\"},{\"@type\":\"BreadcrumbList\",\"@id\":\"https:\/\/www.seguin-moreau.fr\/es\/gamas-de-vinos\/barricas-vinos\/#breadcrumb\",\"itemListElement\":[{\"@type\":\"ListItem\",\"position\":1,\"name\":\"Accueil\",\"item\":\"https:\/\/www.seguin-moreau.fr\/es\/\"},{\"@type\":\"ListItem\",\"position\":2,\"name\":\"Gamas de vinos\",\"item\":\"https:\/\/www.seguin-moreau.fr\/es\/gamas-de-vinos\/\"},{\"@type\":\"ListItem\",\"position\":3,\"name\":\"Barricas\"}]},{\"@type\":\"WebSite\",\"@id\":\"https:\/\/www.seguin-moreau.fr\/es\/#website\",\"url\":\"https:\/\/www.seguin-moreau.fr\/es\/\",\"name\":\"Seguin Moreau\",\"description\":\"La tonnellerie qui allie savoir-faire artisanal et innovation \u00e0 Cognac.\",\"publisher\":{\"@id\":\"https:\/\/www.seguin-moreau.fr\/es\/#organization\"},\"potentialAction\":[{\"@type\":\"SearchAction\",\"target\":{\"@type\":\"EntryPoint\",\"urlTemplate\":\"https:\/\/www.seguin-moreau.fr\/es\/?s={search_term_string}\"},\"query-input\":{\"@type\":\"PropertyValueSpecification\",\"valueRequired\":true,\"valueName\":\"search_term_string\"}}],\"inLanguage\":\"es\"},{\"@type\":\"Organization\",\"@id\":\"https:\/\/www.seguin-moreau.fr\/es\/#organization\",\"name\":\"Seguin Moreau\",\"url\":\"https:\/\/www.seguin-moreau.fr\/es\/\",\"logo\":{\"@type\":\"ImageObject\",\"inLanguage\":\"es\",\"@id\":\"https:\/\/www.seguin-moreau.fr\/es\/#\/schema\/logo\/image\/\",\"url\":\"https:\/\/www.seguin-moreau.fr\/wp-content\/uploads\/2023\/01\/004-terre.png\",\"contentUrl\":\"https:\/\/www.seguin-moreau.fr\/wp-content\/uploads\/2023\/01\/004-terre.png\",\"width\":512,\"height\":512,\"caption\":\"Seguin Moreau\"},\"image\":{\"@id\":\"https:\/\/www.seguin-moreau.fr\/es\/#\/schema\/logo\/image\/\"}}]}<\/script>\n<!-- \/ Yoast SEO plugin. -->","yoast_head_json":{"title":"Nuestras barricas de madera: una gama personalizable e innovadora - Seguin Moreau","description":"Cree su propia barrica de vino: de 255 o 228 litros, de roble franc\u00e9s o americano... Aqu\u00ed encontrar\u00e1 el producto id\u00f3neo para la crianza de sus vinos.","robots":{"index":"index","follow":"follow","max-snippet":"max-snippet:-1","max-image-preview":"max-image-preview:large","max-video-preview":"max-video-preview:-1"},"canonical":"https:\/\/www.seguin-moreau.fr\/es\/gamas-de-vinos\/barricas-vinos\/","og_locale":"es_ES","og_type":"article","og_title":"Nuestras barricas de madera: una gama personalizable e innovadora - Seguin Moreau","og_description":"Cree su propia barrica de vino: de 255 o 228 litros, de roble franc\u00e9s o americano... Aqu\u00ed encontrar\u00e1 el producto id\u00f3neo para la crianza de sus vinos.","og_url":"https:\/\/www.seguin-moreau.fr\/es\/gamas-de-vinos\/barricas-vinos\/","og_site_name":"Seguin Moreau","article_modified_time":"2025-12-09T10:46:27+00:00","og_image":[{"width":1024,"height":683,"url":"https:\/\/www.seguin-moreau.fr\/wp-content\/uploads\/2023\/10\/Barriques-1024x683.jpg","type":"image\/jpeg"}],"twitter_card":"summary_large_image","twitter_misc":{"Tiempo de lectura":"1 minuto"},"schema":{"@context":"https:\/\/schema.org","@graph":[{"@type":"WebPage","@id":"https:\/\/www.seguin-moreau.fr\/es\/gamas-de-vinos\/barricas-vinos\/","url":"https:\/\/www.seguin-moreau.fr\/es\/gamas-de-vinos\/barricas-vinos\/","name":"Nuestras barricas de madera: una gama personalizable e innovadora - Seguin Moreau","isPartOf":{"@id":"https:\/\/www.seguin-moreau.fr\/es\/#website"},"primaryImageOfPage":{"@id":"https:\/\/www.seguin-moreau.fr\/es\/gamas-de-vinos\/barricas-vinos\/#primaryimage"},"image":{"@id":"https:\/\/www.seguin-moreau.fr\/es\/gamas-de-vinos\/barricas-vinos\/#primaryimage"},"thumbnailUrl":"https:\/\/www.seguin-moreau.fr\/wp-content\/uploads\/2023\/10\/Barriques.jpg","datePublished":"2023-10-06T13:29:32+00:00","dateModified":"2025-12-09T10:46:27+00:00","description":"Cree su propia barrica de vino: de 255 o 228 litros, de roble franc\u00e9s o americano... Aqu\u00ed encontrar\u00e1 el producto id\u00f3neo para la crianza de sus vinos.","breadcrumb":{"@id":"https:\/\/www.seguin-moreau.fr\/es\/gamas-de-vinos\/barricas-vinos\/#breadcrumb"},"inLanguage":"es","potentialAction":[{"@type":"ReadAction","target":["https:\/\/www.seguin-moreau.fr\/es\/gamas-de-vinos\/barricas-vinos\/"]}]},{"@type":"ImageObject","inLanguage":"es","@id":"https:\/\/www.seguin-moreau.fr\/es\/gamas-de-vinos\/barricas-vinos\/#primaryimage","url":"https:\/\/www.seguin-moreau.fr\/wp-content\/uploads\/2023\/10\/Barriques.jpg","contentUrl":"https:\/\/www.seguin-moreau.fr\/wp-content\/uploads\/2023\/10\/Barriques.jpg","width":2560,"height":1707,"caption":"barrique pour vin en bois"},{"@type":"BreadcrumbList","@id":"https:\/\/www.seguin-moreau.fr\/es\/gamas-de-vinos\/barricas-vinos\/#breadcrumb","itemListElement":[{"@type":"ListItem","position":1,"name":"Accueil","item":"https:\/\/www.seguin-moreau.fr\/es\/"},{"@type":"ListItem","position":2,"name":"Gamas de vinos","item":"https:\/\/www.seguin-moreau.fr\/es\/gamas-de-vinos\/"},{"@type":"ListItem","position":3,"name":"Barricas"}]},{"@type":"WebSite","@id":"https:\/\/www.seguin-moreau.fr\/es\/#website","url":"https:\/\/www.seguin-moreau.fr\/es\/","name":"Seguin Moreau","description":"La tonnellerie qui allie savoir-faire artisanal et innovation \u00e0 Cognac.","publisher":{"@id":"https:\/\/www.seguin-moreau.fr\/es\/#organization"},"potentialAction":[{"@type":"SearchAction","target":{"@type":"EntryPoint","urlTemplate":"https:\/\/www.seguin-moreau.fr\/es\/?s={search_term_string}"},"query-input":{"@type":"PropertyValueSpecification","valueRequired":true,"valueName":"search_term_string"}}],"inLanguage":"es"},{"@type":"Organization","@id":"https:\/\/www.seguin-moreau.fr\/es\/#organization","name":"Seguin Moreau","url":"https:\/\/www.seguin-moreau.fr\/es\/","logo":{"@type":"ImageObject","inLanguage":"es","@id":"https:\/\/www.seguin-moreau.fr\/es\/#\/schema\/logo\/image\/","url":"https:\/\/www.seguin-moreau.fr\/wp-content\/uploads\/2023\/01\/004-terre.png","contentUrl":"https:\/\/www.seguin-moreau.fr\/wp-content\/uploads\/2023\/01\/004-terre.png","width":512,"height":512,"caption":"Seguin Moreau"},"image":{"@id":"https:\/\/www.seguin-moreau.fr\/es\/#\/schema\/logo\/image\/"}}]}},"_links":{"self":[{"href":"https:\/\/www.seguin-moreau.fr\/es\/wp-json\/wp\/v2\/pages\/2766","targetHints":{"allow":["GET"]}}],"collection":[{"href":"https:\/\/www.seguin-moreau.fr\/es\/wp-json\/wp\/v2\/pages"}],"about":[{"href":"https:\/\/www.seguin-moreau.fr\/es\/wp-json\/wp\/v2\/types\/page"}],"author":[{"embeddable":true,"href":"https:\/\/www.seguin-moreau.fr\/es\/wp-json\/wp\/v2\/users\/1"}],"replies":[{"embeddable":true,"href":"https:\/\/www.seguin-moreau.fr\/es\/wp-json\/wp\/v2\/comments?post=2766"}],"version-history":[{"count":15,"href":"https:\/\/www.seguin-moreau.fr\/es\/wp-json\/wp\/v2\/pages\/2766\/revisions"}],"predecessor-version":[{"id":4494,"href":"https:\/\/www.seguin-moreau.fr\/es\/wp-json\/wp\/v2\/pages\/2766\/revisions\/4494"}],"up":[{"embeddable":true,"href":"https:\/\/www.seguin-moreau.fr\/es\/wp-json\/wp\/v2\/pages\/2763"}],"wp:featuredmedia":[{"embeddable":true,"href":"https:\/\/www.seguin-moreau.fr\/es\/wp-json\/wp\/v2\/media\/445"}],"wp:attachment":[{"href":"https:\/\/www.seguin-moreau.fr\/es\/wp-json\/wp\/v2\/media?parent=2766"}],"curies":[{"name":"wp","href":"https:\/\/api.w.org\/{rel}","templated":true}]}}