{"id":2742,"date":"2023-10-06T15:18:00","date_gmt":"2023-10-06T13:18:00","guid":{"rendered":"https:\/\/www.seguin-moreau.fr\/nos-engagements\/"},"modified":"2024-12-12T10:09:29","modified_gmt":"2024-12-12T09:09:29","slug":"compromisos","status":"publish","type":"page","link":"https:\/\/www.seguin-moreau.fr\/es\/la-toneleria\/compromisos\/","title":{"rendered":"Compromisos"},"content":{"rendered":"<p style=\"text-align: center;\">Ofrecer productos enol\u00f3gicos, <strong>innovadores<\/strong>, de <strong>alta calidad<\/strong> y <strong>sostenibles<\/strong> al tiempo que garantizamos la transmisi\u00f3n de nuestro <strong>saber hacer.<\/strong> Ese es el compromiso de nuestra toneler\u00eda.<\/p>\n","protected":false},"excerpt":{"rendered":"<p>Ofrecer productos enol\u00f3gicos, innovadores, de alta calidad y sostenibles al tiempo que garantizamos la transmisi\u00f3n de nuestro saber hacer.<\/p>\n","protected":false},"author":1,"featured_media":4172,"parent":2748,"menu_order":0,"comment_status":"closed","ping_status":"closed","template":"templates\/tpl-flexible.php","meta":{"_acf_changed":false,"inline_featured_image":false,"footnotes":""},"class_list":["post-2742","page","type-page","status-publish","has-post-thumbnail","hentry"],"acf":[],"yoast_head":"<!-- This site is optimized with the Yoast SEO plugin v26.8 - https:\/\/yoast.com\/product\/yoast-seo-wordpress\/ -->\n<title>Nuestro compromiso: productos enol\u00f3gicos innovadores y sostenibles - Seguin Moreau<\/title>\n<meta name=\"description\" content=\"Seguin Moreau ofrece productos enol\u00f3gicos sostenibles, de alta calidad y basados en un saber hacer hist\u00f3rico.\" \/>\n<meta name=\"robots\" content=\"index, follow, max-snippet:-1, max-image-preview:large, max-video-preview:-1\" \/>\n<link rel=\"canonical\" href=\"https:\/\/www.seguin-moreau.fr\/es\/la-toneleria\/compromisos\/\" \/>\n<meta property=\"og:locale\" content=\"es_ES\" \/>\n<meta property=\"og:type\" content=\"article\" \/>\n<meta property=\"og:title\" content=\"Nuestro compromiso: productos enol\u00f3gicos innovadores y sostenibles - Seguin Moreau\" \/>\n<meta property=\"og:description\" content=\"Seguin Moreau ofrece productos enol\u00f3gicos sostenibles, de alta calidad y basados en un saber hacer hist\u00f3rico.\" \/>\n<meta property=\"og:url\" content=\"https:\/\/www.seguin-moreau.fr\/es\/la-toneleria\/compromisos\/\" \/>\n<meta property=\"og:site_name\" content=\"Seguin Moreau\" \/>\n<meta property=\"article:modified_time\" content=\"2024-12-12T09:09:29+00:00\" \/>\n<meta property=\"og:image\" content=\"https:\/\/www.seguin-moreau.fr\/wp-content\/uploads\/2024\/10\/Nos-engagements-header.jpg\" \/>\n\t<meta property=\"og:image:width\" content=\"2560\" \/>\n\t<meta property=\"og:image:height\" content=\"1707\" \/>\n\t<meta property=\"og:image:type\" content=\"image\/jpeg\" \/>\n<meta name=\"twitter:card\" content=\"summary_large_image\" \/>\n<meta name=\"twitter:label1\" content=\"Tiempo de lectura\" \/>\n\t<meta name=\"twitter:data1\" content=\"1 minuto\" \/>\n<script type=\"application\/ld+json\" class=\"yoast-schema-graph\">{\"@context\":\"https:\/\/schema.org\",\"@graph\":[{\"@type\":\"WebPage\",\"@id\":\"https:\/\/www.seguin-moreau.fr\/es\/la-toneleria\/compromisos\/\",\"url\":\"https:\/\/www.seguin-moreau.fr\/es\/la-toneleria\/compromisos\/\",\"name\":\"Nuestro compromiso: productos enol\u00f3gicos innovadores y sostenibles - Seguin Moreau\",\"isPartOf\":{\"@id\":\"https:\/\/www.seguin-moreau.fr\/es\/#website\"},\"primaryImageOfPage\":{\"@id\":\"https:\/\/www.seguin-moreau.fr\/es\/la-toneleria\/compromisos\/#primaryimage\"},\"image\":{\"@id\":\"https:\/\/www.seguin-moreau.fr\/es\/la-toneleria\/compromisos\/#primaryimage\"},\"thumbnailUrl\":\"https:\/\/www.seguin-moreau.fr\/wp-content\/uploads\/2024\/10\/Nos-engagements-header.jpg\",\"datePublished\":\"2023-10-06T13:18:00+00:00\",\"dateModified\":\"2024-12-12T09:09:29+00:00\",\"description\":\"Seguin Moreau ofrece productos enol\u00f3gicos sostenibles, de alta calidad y basados en un saber hacer hist\u00f3rico.\",\"breadcrumb\":{\"@id\":\"https:\/\/www.seguin-moreau.fr\/es\/la-toneleria\/compromisos\/#breadcrumb\"},\"inLanguage\":\"es\",\"potentialAction\":[{\"@type\":\"ReadAction\",\"target\":[\"https:\/\/www.seguin-moreau.fr\/es\/la-toneleria\/compromisos\/\"]}]},{\"@type\":\"ImageObject\",\"inLanguage\":\"es\",\"@id\":\"https:\/\/www.seguin-moreau.fr\/es\/la-toneleria\/compromisos\/#primaryimage\",\"url\":\"https:\/\/www.seguin-moreau.fr\/wp-content\/uploads\/2024\/10\/Nos-engagements-header.jpg\",\"contentUrl\":\"https:\/\/www.seguin-moreau.fr\/wp-content\/uploads\/2024\/10\/Nos-engagements-header.jpg\",\"width\":2560,\"height\":1707},{\"@type\":\"BreadcrumbList\",\"@id\":\"https:\/\/www.seguin-moreau.fr\/es\/la-toneleria\/compromisos\/#breadcrumb\",\"itemListElement\":[{\"@type\":\"ListItem\",\"position\":1,\"name\":\"Accueil\",\"item\":\"https:\/\/www.seguin-moreau.fr\/es\/\"},{\"@type\":\"ListItem\",\"position\":2,\"name\":\"La toneler\u00eda\",\"item\":\"https:\/\/www.seguin-moreau.fr\/es\/la-toneleria\/\"},{\"@type\":\"ListItem\",\"position\":3,\"name\":\"Compromisos\"}]},{\"@type\":\"WebSite\",\"@id\":\"https:\/\/www.seguin-moreau.fr\/es\/#website\",\"url\":\"https:\/\/www.seguin-moreau.fr\/es\/\",\"name\":\"Seguin Moreau\",\"description\":\"La tonnellerie qui allie savoir-faire artisanal et innovation \u00e0 Cognac.\",\"publisher\":{\"@id\":\"https:\/\/www.seguin-moreau.fr\/es\/#organization\"},\"potentialAction\":[{\"@type\":\"SearchAction\",\"target\":{\"@type\":\"EntryPoint\",\"urlTemplate\":\"https:\/\/www.seguin-moreau.fr\/es\/?s={search_term_string}\"},\"query-input\":{\"@type\":\"PropertyValueSpecification\",\"valueRequired\":true,\"valueName\":\"search_term_string\"}}],\"inLanguage\":\"es\"},{\"@type\":\"Organization\",\"@id\":\"https:\/\/www.seguin-moreau.fr\/es\/#organization\",\"name\":\"Seguin Moreau\",\"url\":\"https:\/\/www.seguin-moreau.fr\/es\/\",\"logo\":{\"@type\":\"ImageObject\",\"inLanguage\":\"es\",\"@id\":\"https:\/\/www.seguin-moreau.fr\/es\/#\/schema\/logo\/image\/\",\"url\":\"https:\/\/www.seguin-moreau.fr\/wp-content\/uploads\/2023\/01\/004-terre.png\",\"contentUrl\":\"https:\/\/www.seguin-moreau.fr\/wp-content\/uploads\/2023\/01\/004-terre.png\",\"width\":512,\"height\":512,\"caption\":\"Seguin Moreau\"},\"image\":{\"@id\":\"https:\/\/www.seguin-moreau.fr\/es\/#\/schema\/logo\/image\/\"}}]}<\/script>\n<!-- \/ Yoast SEO plugin. -->","yoast_head_json":{"title":"Nuestro compromiso: productos enol\u00f3gicos innovadores y sostenibles - Seguin Moreau","description":"Seguin Moreau ofrece productos enol\u00f3gicos sostenibles, de alta calidad y basados en un saber hacer hist\u00f3rico.","robots":{"index":"index","follow":"follow","max-snippet":"max-snippet:-1","max-image-preview":"max-image-preview:large","max-video-preview":"max-video-preview:-1"},"canonical":"https:\/\/www.seguin-moreau.fr\/es\/la-toneleria\/compromisos\/","og_locale":"es_ES","og_type":"article","og_title":"Nuestro compromiso: productos enol\u00f3gicos innovadores y sostenibles - Seguin Moreau","og_description":"Seguin Moreau ofrece productos enol\u00f3gicos sostenibles, de alta calidad y basados en un saber hacer hist\u00f3rico.","og_url":"https:\/\/www.seguin-moreau.fr\/es\/la-toneleria\/compromisos\/","og_site_name":"Seguin Moreau","article_modified_time":"2024-12-12T09:09:29+00:00","og_image":[{"width":2560,"height":1707,"url":"https:\/\/www.seguin-moreau.fr\/wp-content\/uploads\/2024\/10\/Nos-engagements-header.jpg","type":"image\/jpeg"}],"twitter_card":"summary_large_image","twitter_misc":{"Tiempo de lectura":"1 minuto"},"schema":{"@context":"https:\/\/schema.org","@graph":[{"@type":"WebPage","@id":"https:\/\/www.seguin-moreau.fr\/es\/la-toneleria\/compromisos\/","url":"https:\/\/www.seguin-moreau.fr\/es\/la-toneleria\/compromisos\/","name":"Nuestro compromiso: productos enol\u00f3gicos innovadores y sostenibles - Seguin Moreau","isPartOf":{"@id":"https:\/\/www.seguin-moreau.fr\/es\/#website"},"primaryImageOfPage":{"@id":"https:\/\/www.seguin-moreau.fr\/es\/la-toneleria\/compromisos\/#primaryimage"},"image":{"@id":"https:\/\/www.seguin-moreau.fr\/es\/la-toneleria\/compromisos\/#primaryimage"},"thumbnailUrl":"https:\/\/www.seguin-moreau.fr\/wp-content\/uploads\/2024\/10\/Nos-engagements-header.jpg","datePublished":"2023-10-06T13:18:00+00:00","dateModified":"2024-12-12T09:09:29+00:00","description":"Seguin Moreau ofrece productos enol\u00f3gicos sostenibles, de alta calidad y basados en un saber hacer hist\u00f3rico.","breadcrumb":{"@id":"https:\/\/www.seguin-moreau.fr\/es\/la-toneleria\/compromisos\/#breadcrumb"},"inLanguage":"es","potentialAction":[{"@type":"ReadAction","target":["https:\/\/www.seguin-moreau.fr\/es\/la-toneleria\/compromisos\/"]}]},{"@type":"ImageObject","inLanguage":"es","@id":"https:\/\/www.seguin-moreau.fr\/es\/la-toneleria\/compromisos\/#primaryimage","url":"https:\/\/www.seguin-moreau.fr\/wp-content\/uploads\/2024\/10\/Nos-engagements-header.jpg","contentUrl":"https:\/\/www.seguin-moreau.fr\/wp-content\/uploads\/2024\/10\/Nos-engagements-header.jpg","width":2560,"height":1707},{"@type":"BreadcrumbList","@id":"https:\/\/www.seguin-moreau.fr\/es\/la-toneleria\/compromisos\/#breadcrumb","itemListElement":[{"@type":"ListItem","position":1,"name":"Accueil","item":"https:\/\/www.seguin-moreau.fr\/es\/"},{"@type":"ListItem","position":2,"name":"La toneler\u00eda","item":"https:\/\/www.seguin-moreau.fr\/es\/la-toneleria\/"},{"@type":"ListItem","position":3,"name":"Compromisos"}]},{"@type":"WebSite","@id":"https:\/\/www.seguin-moreau.fr\/es\/#website","url":"https:\/\/www.seguin-moreau.fr\/es\/","name":"Seguin Moreau","description":"La tonnellerie qui allie savoir-faire artisanal et innovation \u00e0 Cognac.","publisher":{"@id":"https:\/\/www.seguin-moreau.fr\/es\/#organization"},"potentialAction":[{"@type":"SearchAction","target":{"@type":"EntryPoint","urlTemplate":"https:\/\/www.seguin-moreau.fr\/es\/?s={search_term_string}"},"query-input":{"@type":"PropertyValueSpecification","valueRequired":true,"valueName":"search_term_string"}}],"inLanguage":"es"},{"@type":"Organization","@id":"https:\/\/www.seguin-moreau.fr\/es\/#organization","name":"Seguin Moreau","url":"https:\/\/www.seguin-moreau.fr\/es\/","logo":{"@type":"ImageObject","inLanguage":"es","@id":"https:\/\/www.seguin-moreau.fr\/es\/#\/schema\/logo\/image\/","url":"https:\/\/www.seguin-moreau.fr\/wp-content\/uploads\/2023\/01\/004-terre.png","contentUrl":"https:\/\/www.seguin-moreau.fr\/wp-content\/uploads\/2023\/01\/004-terre.png","width":512,"height":512,"caption":"Seguin Moreau"},"image":{"@id":"https:\/\/www.seguin-moreau.fr\/es\/#\/schema\/logo\/image\/"}}]}},"_links":{"self":[{"href":"https:\/\/www.seguin-moreau.fr\/es\/wp-json\/wp\/v2\/pages\/2742","targetHints":{"allow":["GET"]}}],"collection":[{"href":"https:\/\/www.seguin-moreau.fr\/es\/wp-json\/wp\/v2\/pages"}],"about":[{"href":"https:\/\/www.seguin-moreau.fr\/es\/wp-json\/wp\/v2\/types\/page"}],"author":[{"embeddable":true,"href":"https:\/\/www.seguin-moreau.fr\/es\/wp-json\/wp\/v2\/users\/1"}],"replies":[{"embeddable":true,"href":"https:\/\/www.seguin-moreau.fr\/es\/wp-json\/wp\/v2\/comments?post=2742"}],"version-history":[{"count":17,"href":"https:\/\/www.seguin-moreau.fr\/es\/wp-json\/wp\/v2\/pages\/2742\/revisions"}],"predecessor-version":[{"id":4290,"href":"https:\/\/www.seguin-moreau.fr\/es\/wp-json\/wp\/v2\/pages\/2742\/revisions\/4290"}],"up":[{"embeddable":true,"href":"https:\/\/www.seguin-moreau.fr\/es\/wp-json\/wp\/v2\/pages\/2748"}],"wp:featuredmedia":[{"embeddable":true,"href":"https:\/\/www.seguin-moreau.fr\/es\/wp-json\/wp\/v2\/media\/4172"}],"wp:attachment":[{"href":"https:\/\/www.seguin-moreau.fr\/es\/wp-json\/wp\/v2\/media?parent=2742"}],"curies":[{"name":"wp","href":"https:\/\/api.w.org\/{rel}","templated":true}]}}