{"id":2715,"date":"2023-11-06T15:11:41","date_gmt":"2023-11-06T14:11:41","guid":{"rendered":"https:\/\/www.seguin-moreau.fr\/mentions-legales\/"},"modified":"2024-03-29T15:06:36","modified_gmt":"2024-03-29T14:06:36","slug":"aviso-legal","status":"publish","type":"page","link":"https:\/\/www.seguin-moreau.fr\/es\/aviso-legal\/","title":{"rendered":"Aviso legal"},"content":{"rendered":"<p style=\"text-align: left;\">Continuar navegando por este sitio <a href=\"http:\/\/www.seguin-moreau.fr\" target=\"_blank\" rel=\"noopener\">www.seguin-moreau.fr<\/a> (el \u201cSitio\u201d) constituye la aceptaci\u00f3n sin reservas de estas condiciones generales de uso (los \u201cT&amp;C\u201d).<\/p>\n<p style=\"text-align: left;\">La versi\u00f3n de los T&amp;C disponible en l\u00ednea en el momento de navegar por el Sitio es la \u00fanica aplicable durante la duraci\u00f3n del uso del Sitio y hasta que una nueva versi\u00f3n la reemplace.<\/p>\n<p style=\"text-align: left;\">SEGUIN MOREAU se reserva el derecho de modificar o actualizar los TyC en cualquier momento y sin previo aviso. Corresponde al usuario del Sitio consultarlo peri\u00f3dicamente para estar informado.<\/p>\n<p>&nbsp;<\/p>\n<h2 style=\"text-align: left;\"><strong>1. INFORMACI\u00d3N LEGAL<\/strong><\/h2>\n<p style=\"text-align: left;\">Editor: El Sitio ha sido desarrollado y publicado por SEGUIN MOREAU &amp; C\u00b0, sociedad por acciones simplificada con un capital de 34.391.268,10 euros, cuya sede social est\u00e1 situada en Zone Industrielle le Petit Oumelet, 16100 MERPINS \u2013 Francia, registrada con el n\u00famero 905 920 013. RCS Angoul\u00eame (\u201cSEGUIN MOREAU\u201d).<\/p>\n<p style=\"text-align: left;\">Responsable editorial: Magdeleine ALLAUME, Directora General.<\/p>\n<p style=\"text-align: left;\">Anfitri\u00f3n: OVH \u2013 2 rue Kellermann \u2013 59100 Roubaix \u2013 09 72 10 10 07 <strong>www.ovh.com<\/strong><\/p>\n<p>&nbsp;<\/p>\n<h2 style=\"text-align: left;\"><strong>2. CONTENIDO DEL SITIO<\/strong><\/h2>\n<p style=\"text-align: left;\">El objetivo de este Sitio es proporcionar informaci\u00f3n general sobre la empresa SEGUIN MOREAU &amp; C\u00b0 y sus actividades comerciales.<\/p>\n<p style=\"text-align: left;\">SEGUIN MOREAU se esfuerza por garantizar el correcto funcionamiento y la seguridad inform\u00e1tica del Sitio, as\u00ed como la exactitud y actualizaci\u00f3n de la informaci\u00f3n all\u00ed difundida. Sin embargo, SEGUIN MOREAU no puede garantizar la exactitud, precisi\u00f3n o integridad de la informaci\u00f3n disponible en el Sitio. Corresponde a los usuarios del Sitio verificar la informaci\u00f3n por otros medios, incluso, si es necesario, poni\u00e9ndose en contacto con SEGUIN MOREAU.<\/p>\n<p style=\"text-align: left;\">SEGUIN MOREAU se reserva el derecho de modificar, a su propia discreci\u00f3n, en cualquier momento y sin previo aviso, el contenido del Sitio.<\/p>\n<p style=\"text-align: left;\">Es responsabilidad de las personas sujetas a legislaci\u00f3n extranjera garantizar que el contenido del Sitio cumpla con su legislaci\u00f3n nacional. SEGUIN MOREAU no se hace responsable del uso del Sitio contrario a la legislaci\u00f3n local.<\/p>\n<p>&nbsp;<\/p>\n<h2 style=\"text-align: left;\"><strong>3. DERECHOS DE PROPIEDAD INTELECTUAL<\/strong><\/h2>\n<p style=\"text-align: left;\">Todas las marcas, fotograf\u00edas, textos, comentarios, ilustraciones, im\u00e1genes (animadas o no), secuencias de v\u00eddeo, sonidos, as\u00ed como todas las aplicaciones inform\u00e1ticas que puedan utilizarse para el funcionamiento de este sitio y, de manera m\u00e1s general, todos los elementos reproducidos o utilizados en el Sitio est\u00e1n protegidos por la legislaci\u00f3n vigente en materia de propiedad intelectual. Son propiedad plena y entera de SEGUIN MOREAU y\/o de sus socios o, en su defecto, SEGUIN MOREAU es titular de los derechos que permiten su difusi\u00f3n en el Sitio.<\/p>\n<p style=\"text-align: left;\">Queda estrictamente prohibida toda reproducci\u00f3n, representaci\u00f3n, utilizaci\u00f3n o adaptaci\u00f3n, en cualquier forma, de la totalidad o parte de estos elementos, incluidas las aplicaciones inform\u00e1ticas, sin el consentimiento previo por escrito de SEGUIN MOREAU. El hecho de que SEGUIN MOREAU no inicie un procedimiento en cuanto tenga conocimiento de dicha utilizaci\u00f3n no autorizada no constituye una aceptaci\u00f3n de dicha utilizaci\u00f3n ni una renuncia a dicho procedimiento.<\/p>\n<p>&nbsp;<\/p>\n<h2 style=\"text-align: left;\"><strong>4. GESTI\u00d3N DEL SITIO<\/strong><\/h2>\n<p style=\"text-align: left;\">Para la correcta gesti\u00f3n del Sitio, SEGUIN MOREAU podr\u00e1 en cualquier momento :<\/p>\n<p style=\"text-align: left;\">&#8211; suspender, interrumpir o limitar el acceso a todo o parte del Sitio, restringir el acceso al Sitio, o a determinadas partes del Sitio, a una categor\u00eda espec\u00edfica o a todos los usuarios ;<\/p>\n<p style=\"text-align: left;\">&#8211; suprimir cualquier informaci\u00f3n que pueda perturbar el funcionamiento del Sitio o contravenir las leyes nacionales o internacionales o las normas de la Netiqueta;<\/p>\n<p style=\"text-align: left;\">&#8211; suspender el Sitio para llevar a cabo actualizaciones.<\/p>\n<p>&nbsp;<\/p>\n<h2 style=\"text-align: left;\"><strong>5. RESPONSABILIDAD<\/strong><\/h2>\n<p style=\"text-align: left;\">SEGUIN MOREAU no podr\u00e1 ser considerada responsable en caso de fallo, aver\u00eda, dificultad o interrupci\u00f3n del funcionamiento que impida el acceso al Sitio o a cualquiera de sus funciones.<\/p>\n<p style=\"text-align: left;\">Los usuarios del Sitio son enteramente responsables del equipo que utilizan para conectarse al Sitio. Los usuarios del Sitio deben tomar todas las medidas apropiadas para proteger sus equipos y sus propios datos, en particular de los ataques virales a trav\u00e9s de Internet. Los usuarios del Sitio son los \u00fanicos responsables de los sitios y datos que consultan.<\/p>\n<p style=\"text-align: left;\">SEGUIN MOREAU no podr\u00e1 ser considerado responsable de :<\/p>\n<ul style=\"text-align: left;\">\n<li>cualquier imprecisi\u00f3n, inexactitud u omisi\u00f3n relativa a la informaci\u00f3n disponible en el Sitio ;<\/li>\n<li>cualquier da\u00f1o resultante de una intrusi\u00f3n fraudulenta por parte de un tercero que conlleve una modificaci\u00f3n de la informaci\u00f3n puesta a disposici\u00f3n de los usuarios en el Sitio;<\/li>\n<li>de forma m\u00e1s general, por cualquier da\u00f1o, directo o indirecto, cualquiera que sea su causa, origen, naturaleza o consecuencias, ocasionado como consecuencia del acceso de cualquier persona al Sitio o de la imposibilidad de acceder al mismo, as\u00ed como de la utilizaci\u00f3n del Sitio y\/o del cr\u00e9dito otorgado a cualquier informaci\u00f3n procedente directa o indirectamente de este \u00faltimo.<\/li>\n<\/ul>\n<p style=\"text-align: left;\">SEGUIN MOREAU no podr\u00e1 ser considerado responsable en caso de que se emprendan acciones legales contra usted :<\/p>\n<ul style=\"text-align: left;\">\n<li>el uso del Sitio o de cualquier servicio accesible a trav\u00e9s de Internet;<\/li>\n<li>u incumplimiento de las disposiciones de las presentes condiciones de uso.<\/li>\n<\/ul>\n<p style=\"text-align: left;\">SEGUIN MOREAU no se hace responsable de los da\u00f1os causados a los usuarios del Sitio y\/o a sus equipos, y\/o a terceros como consecuencia de la conexi\u00f3n al Sitio o de su utilizaci\u00f3n. Cualquier usuario del Sitio renuncia por la presente a cualquier reclamaci\u00f3n contra SEGUIN MOREAU.<\/p>\n<p style=\"text-align: left;\">En caso de que SEGUIN MOREAU fuera objeto de un procedimiento judicial, amistoso o no, derivado de la utilizaci\u00f3n del Sitio, SEGUIN MOREAU se reserva el derecho de emprender acciones contra el usuario del Sitio para obtener la indemnizaci\u00f3n de todos los da\u00f1os, sumas, multas y gastos que pudieran derivarse de dicho procedimiento.<\/p>\n<p>&nbsp;<\/p>\n<h2 style=\"text-align: left;\"><strong>Article 6\u00a0<\/strong><\/h2>\n<p style=\"text-align: left;\">El uso del sitio implica la aceptaci\u00f2n expresa y sin reservas de la <a href=\"https:\/\/www.seguin-moreau.fr\/es\/politica-de-privacidad\/\" target=\"_blank\" rel=\"noopener\">pol\u00ectica de tratamiento de datos personales<\/a>.<\/p>\n<p>&nbsp;<\/p>\n<h2 style=\"text-align: left;\"><strong>Article 7 \u2013 Cookies<\/strong><\/h2>\n<p style=\"text-align: left;\">Una cookie es un archivo de datos almacenado por el dispositivo de un usuario cuando navega por el Sitio con el fin de registrar informaci\u00f3n sobre el usuario (por ejemplo, informaci\u00f3n de conexi\u00f3n, preferencias de navegaci\u00f3n, etc.). Este archivo se reenv\u00eda autom\u00e1ticamente la pr\u00f3xima vez que el usuario se conecta al Sitio.<\/p>\n<p style=\"text-align: left;\">SEGUIN MOREAU utiliza las siguientes cookies en su Sitio:<\/p>\n<p style=\"text-align: left;\">\u2022 Cookies t\u00e9cnicas: estas cookies son necesarias para el correcto funcionamiento del Sitio y no pueden ser desactivadas por los sistemas de SEGUIN MOREAU. El usuario puede configurar su navegador para bloquear o ser informado de la existencia de estas cookies, pero esto puede afectar al correcto funcionamiento del Sitio. Estas cookies no almacenan ninguna informaci\u00f3n personal relativa a los usuarios del Sitio.<\/p>\n<p style=\"text-align: left;\">\u2022 Cookies funcionales: estas cookies se utilizan para mejorar y personalizar la funcionalidad del Sitio. Si el usuario del Sitio no acepta estas cookies, es posible que parte o la totalidad del Sitio no funcione correctamente.<\/p>\n<p style=\"text-align: left;\">\u2022 Cookies de aplicaciones de terceros: estas cookies se colocan en dominios distintos al del Sitio y permiten vincular una sesi\u00f3n en un sitio de terceros (Facebook, Linkedin, redes sociales, intranet, etc.) a la sesi\u00f3n actual en el Sitio de SEGUIN MOREAU. Si el usuario del Sitio no acepta estas cookies, se encontrar\u00e1 con p\u00e1ginas de reidentificaci\u00f3n cada vez que acceda al sitio de terceros.<\/p>\n<p style=\"text-align: left;\">\u2022 Cookies de sesi\u00f3n: son cookies temporales que expiran cuando el usuario abandona el Sitio. Si el usuario del Sitio no acepta estas cookies, las elecciones realizadas por el usuario en las distintas p\u00e1ginas no se recordar\u00e1n cuando se cambien las p\u00e1ginas del sitio.<\/p>\n<p style=\"text-align: left;\">\u2022 Seguimiento de marketing: estas cookies se utilizan para medir la audiencia del Sitio y ofrecer publicidad personalizada. Si el usuario del Sitio no acepta estas cookies, las inserciones publicitarias presentadas en el Sitio de SEGUIN MOREAU no se adaptar\u00e1n a los h\u00e1bitos de navegaci\u00f3n del usuario y SEGUIN MOREAU no podr\u00e1 optimizar el seguimiento de la navegaci\u00f3n en el Sitio.<\/p>\n<p style=\"text-align: left;\">La informaci\u00f3n registrada por las cookies en el ordenador del usuario del Sitio se conservar\u00e1 durante un m\u00e1ximo de trece (13) meses (v\u00e9anse los detalles en la tabla de cookies a la que se hace referencia en el Sitio). El consentimiento dado por el usuario del Sitio en relaci\u00f3n con el uso de cookies en el momento de su primera visita al sitio es v\u00e1lido durante un periodo de trece (13) meses. No obstante, los usuarios del Sitio pueden modificar su elecci\u00f3n en cualquier momento a trav\u00e9s del enlace \u00abconfiguraci\u00f3n de cookies\u00bb accesible en la parte inferior de la p\u00e1gina, u oponi\u00e9ndose al almacenamiento de cookies configurando su navegador en consecuencia.<\/p>\n<p>&nbsp;<\/p>\n<h2 style=\"text-align: left;\"><strong>Article 8 &#8211; ENLACES DE HIPERTEXTO<\/strong><\/h2>\n<p style=\"text-align: left;\">SEGUIN MOREAU declina formalmente toda responsabilidad por el contenido de otros sitios a los que el Sitio proporcione enlaces. Estos enlaces se ofrecen a los usuarios del Sitio como un servicio. La decisi\u00f3n de activar los enlaces corresponde exclusivamente a los usuarios del Sitio. Adem\u00e1s, es responsabilidad de los usuarios del Sitio tomar las precauciones necesarias para evitar cualquier contaminaci\u00f3n del Sitio por, en particular, uno o varios \u00abvirus\u00bb.<\/p>\n<p>&nbsp;<\/p>\n<h2 style=\"text-align: left;\"><strong>Article 9 &#8211; FOTOGRAF\u00cdAS Y REPRESENTACI\u00d3N DE LOS PRODUCTOS<\/strong><\/h2>\n<p style=\"text-align: left;\">SEGUIN MOREAU no se hace responsable de las fotograf\u00edas no contractuales.<\/p>\n<p style=\"text-align: left;\">Cr\u00e9ditos de las fotograf\u00edas :<\/p>\n<p style=\"text-align: left;\">Jonathan Fotograf\u00eda<\/p>\n<p style=\"text-align: left;\">M. Trochut<\/p>\n<p style=\"text-align: left;\">Alberto Bocos Gil<\/p>\n<p style=\"text-align: left;\">Aline Aubert<\/p>\n<p style=\"text-align: left;\">Albane de Roffignac<\/p>\n<p style=\"text-align: left;\">Jean-Marc Larhantec<\/p>\n<p style=\"text-align: left;\">Fran\u00e7ois Blazquez<\/p>\n<p style=\"text-align: left;\">Estudio Prigent<\/p>\n<p style=\"text-align: left;\">Jean Barge<\/p>\n<p style=\"text-align: left;\">Cl\u00e9ment Mahoudeau<\/p>\n<p style=\"text-align: left;\">R\u00e9my Martin<\/p>\n<p style=\"text-align: left;\">Maison Psych\u00e9<\/p>\n<p style=\"text-align: left;\">Temporada dorada<\/p>\n<p>&nbsp;<\/p>\n<h2 style=\"text-align: left;\"><strong>Article 10 &#8211; DERECHO APLICABLE<\/strong><\/h2>\n<p style=\"text-align: left;\">Las presentes condiciones de uso del Sitio Web se rigen por el derecho franc\u00e9s y se someten a la jurisdicci\u00f3n de los tribunales de Angulema, a reserva de cualquier competencia espec\u00edfica derivada de un texto legal o reglamentario particular.<\/p>\n<p>&nbsp;<\/p>\n<h2 style=\"text-align: left;\"><strong>Article 11 \u2013 CONTACTO<\/strong><\/h2>\n<p style=\"text-align: left;\">Para cualquier pregunta relacionada con las condiciones de uso del Sitio Web, puede ponerse en contacto con SEGUIN MOREAU a trav\u00e9s de la secci\u00f3n <a href=\"https:\/\/www.seguin-moreau.fr\/es\/contacto\/\" target=\"_blank\" rel=\"noopener\">Contacto<\/a>.<\/p>\n","protected":false},"excerpt":{"rendered":"<p>Continuar navegando por este sitio www.seguin-moreau.fr (el \u201cSitio\u201d) constituye la aceptaci\u00f3n sin reservas de estas condiciones generales de uso (los \u201cT&amp;C\u201d). La versi\u00f3n de los T&amp;C disponible en l\u00ednea en el momento de navegar por el Sitio es la \u00fanica aplicable durante la duraci\u00f3n del uso del Sitio y hasta que una nueva versi\u00f3n la [&hellip;]<\/p>\n","protected":false},"author":1,"featured_media":0,"parent":0,"menu_order":9,"comment_status":"closed","ping_status":"closed","template":"templates\/tpl-flexible.php","meta":{"_acf_changed":false,"inline_featured_image":false,"footnotes":""},"class_list":["post-2715","page","type-page","status-publish","hentry"],"acf":[],"yoast_head":"<!-- This site is optimized with the Yoast SEO plugin v26.8 - https:\/\/yoast.com\/product\/yoast-seo-wordpress\/ -->\n<title>Aviso legal - Seguin Moreau<\/title>\n<meta name=\"robots\" content=\"index, follow, max-snippet:-1, max-image-preview:large, max-video-preview:-1\" \/>\n<link rel=\"canonical\" href=\"https:\/\/www.seguin-moreau.fr\/es\/aviso-legal\/\" \/>\n<meta property=\"og:locale\" content=\"es_ES\" \/>\n<meta property=\"og:type\" content=\"article\" \/>\n<meta property=\"og:title\" content=\"Aviso legal - Seguin Moreau\" \/>\n<meta property=\"og:description\" content=\"Continuar navegando por este sitio www.seguin-moreau.fr (el \u201cSitio\u201d) constituye la aceptaci\u00f3n sin reservas de estas condiciones generales de uso (los \u201cT&amp;C\u201d). La versi\u00f3n de los T&amp;C disponible en l\u00ednea en el momento de navegar por el Sitio es la \u00fanica aplicable durante la duraci\u00f3n del uso del Sitio y hasta que una nueva versi\u00f3n la [&hellip;]\" \/>\n<meta property=\"og:url\" content=\"https:\/\/www.seguin-moreau.fr\/es\/aviso-legal\/\" \/>\n<meta property=\"og:site_name\" content=\"Seguin Moreau\" \/>\n<meta property=\"article:modified_time\" content=\"2024-03-29T14:06:36+00:00\" \/>\n<meta name=\"twitter:card\" content=\"summary_large_image\" \/>\n<meta name=\"twitter:label1\" content=\"Tiempo de lectura\" \/>\n\t<meta name=\"twitter:data1\" content=\"8 minutos\" \/>\n<script type=\"application\/ld+json\" class=\"yoast-schema-graph\">{\"@context\":\"https:\/\/schema.org\",\"@graph\":[{\"@type\":\"WebPage\",\"@id\":\"https:\/\/www.seguin-moreau.fr\/es\/aviso-legal\/\",\"url\":\"https:\/\/www.seguin-moreau.fr\/es\/aviso-legal\/\",\"name\":\"Aviso legal - Seguin Moreau\",\"isPartOf\":{\"@id\":\"https:\/\/www.seguin-moreau.fr\/es\/#website\"},\"datePublished\":\"2023-11-06T14:11:41+00:00\",\"dateModified\":\"2024-03-29T14:06:36+00:00\",\"breadcrumb\":{\"@id\":\"https:\/\/www.seguin-moreau.fr\/es\/aviso-legal\/#breadcrumb\"},\"inLanguage\":\"es\",\"potentialAction\":[{\"@type\":\"ReadAction\",\"target\":[\"https:\/\/www.seguin-moreau.fr\/es\/aviso-legal\/\"]}]},{\"@type\":\"BreadcrumbList\",\"@id\":\"https:\/\/www.seguin-moreau.fr\/es\/aviso-legal\/#breadcrumb\",\"itemListElement\":[{\"@type\":\"ListItem\",\"position\":1,\"name\":\"Accueil\",\"item\":\"https:\/\/www.seguin-moreau.fr\/es\/\"},{\"@type\":\"ListItem\",\"position\":2,\"name\":\"Aviso legal\"}]},{\"@type\":\"WebSite\",\"@id\":\"https:\/\/www.seguin-moreau.fr\/es\/#website\",\"url\":\"https:\/\/www.seguin-moreau.fr\/es\/\",\"name\":\"Seguin Moreau\",\"description\":\"La tonnellerie qui allie savoir-faire artisanal et innovation \u00e0 Cognac.\",\"publisher\":{\"@id\":\"https:\/\/www.seguin-moreau.fr\/es\/#organization\"},\"potentialAction\":[{\"@type\":\"SearchAction\",\"target\":{\"@type\":\"EntryPoint\",\"urlTemplate\":\"https:\/\/www.seguin-moreau.fr\/es\/?s={search_term_string}\"},\"query-input\":{\"@type\":\"PropertyValueSpecification\",\"valueRequired\":true,\"valueName\":\"search_term_string\"}}],\"inLanguage\":\"es\"},{\"@type\":\"Organization\",\"@id\":\"https:\/\/www.seguin-moreau.fr\/es\/#organization\",\"name\":\"Seguin Moreau\",\"url\":\"https:\/\/www.seguin-moreau.fr\/es\/\",\"logo\":{\"@type\":\"ImageObject\",\"inLanguage\":\"es\",\"@id\":\"https:\/\/www.seguin-moreau.fr\/es\/#\/schema\/logo\/image\/\",\"url\":\"https:\/\/www.seguin-moreau.fr\/wp-content\/uploads\/2023\/01\/004-terre.png\",\"contentUrl\":\"https:\/\/www.seguin-moreau.fr\/wp-content\/uploads\/2023\/01\/004-terre.png\",\"width\":512,\"height\":512,\"caption\":\"Seguin Moreau\"},\"image\":{\"@id\":\"https:\/\/www.seguin-moreau.fr\/es\/#\/schema\/logo\/image\/\"}}]}<\/script>\n<!-- \/ Yoast SEO plugin. -->","yoast_head_json":{"title":"Aviso legal - Seguin Moreau","robots":{"index":"index","follow":"follow","max-snippet":"max-snippet:-1","max-image-preview":"max-image-preview:large","max-video-preview":"max-video-preview:-1"},"canonical":"https:\/\/www.seguin-moreau.fr\/es\/aviso-legal\/","og_locale":"es_ES","og_type":"article","og_title":"Aviso legal - Seguin Moreau","og_description":"Continuar navegando por este sitio www.seguin-moreau.fr (el \u201cSitio\u201d) constituye la aceptaci\u00f3n sin reservas de estas condiciones generales de uso (los \u201cT&amp;C\u201d). La versi\u00f3n de los T&amp;C disponible en l\u00ednea en el momento de navegar por el Sitio es la \u00fanica aplicable durante la duraci\u00f3n del uso del Sitio y hasta que una nueva versi\u00f3n la [&hellip;]","og_url":"https:\/\/www.seguin-moreau.fr\/es\/aviso-legal\/","og_site_name":"Seguin Moreau","article_modified_time":"2024-03-29T14:06:36+00:00","twitter_card":"summary_large_image","twitter_misc":{"Tiempo de lectura":"8 minutos"},"schema":{"@context":"https:\/\/schema.org","@graph":[{"@type":"WebPage","@id":"https:\/\/www.seguin-moreau.fr\/es\/aviso-legal\/","url":"https:\/\/www.seguin-moreau.fr\/es\/aviso-legal\/","name":"Aviso legal - Seguin Moreau","isPartOf":{"@id":"https:\/\/www.seguin-moreau.fr\/es\/#website"},"datePublished":"2023-11-06T14:11:41+00:00","dateModified":"2024-03-29T14:06:36+00:00","breadcrumb":{"@id":"https:\/\/www.seguin-moreau.fr\/es\/aviso-legal\/#breadcrumb"},"inLanguage":"es","potentialAction":[{"@type":"ReadAction","target":["https:\/\/www.seguin-moreau.fr\/es\/aviso-legal\/"]}]},{"@type":"BreadcrumbList","@id":"https:\/\/www.seguin-moreau.fr\/es\/aviso-legal\/#breadcrumb","itemListElement":[{"@type":"ListItem","position":1,"name":"Accueil","item":"https:\/\/www.seguin-moreau.fr\/es\/"},{"@type":"ListItem","position":2,"name":"Aviso legal"}]},{"@type":"WebSite","@id":"https:\/\/www.seguin-moreau.fr\/es\/#website","url":"https:\/\/www.seguin-moreau.fr\/es\/","name":"Seguin Moreau","description":"La tonnellerie qui allie savoir-faire artisanal et innovation \u00e0 Cognac.","publisher":{"@id":"https:\/\/www.seguin-moreau.fr\/es\/#organization"},"potentialAction":[{"@type":"SearchAction","target":{"@type":"EntryPoint","urlTemplate":"https:\/\/www.seguin-moreau.fr\/es\/?s={search_term_string}"},"query-input":{"@type":"PropertyValueSpecification","valueRequired":true,"valueName":"search_term_string"}}],"inLanguage":"es"},{"@type":"Organization","@id":"https:\/\/www.seguin-moreau.fr\/es\/#organization","name":"Seguin Moreau","url":"https:\/\/www.seguin-moreau.fr\/es\/","logo":{"@type":"ImageObject","inLanguage":"es","@id":"https:\/\/www.seguin-moreau.fr\/es\/#\/schema\/logo\/image\/","url":"https:\/\/www.seguin-moreau.fr\/wp-content\/uploads\/2023\/01\/004-terre.png","contentUrl":"https:\/\/www.seguin-moreau.fr\/wp-content\/uploads\/2023\/01\/004-terre.png","width":512,"height":512,"caption":"Seguin Moreau"},"image":{"@id":"https:\/\/www.seguin-moreau.fr\/es\/#\/schema\/logo\/image\/"}}]}},"_links":{"self":[{"href":"https:\/\/www.seguin-moreau.fr\/es\/wp-json\/wp\/v2\/pages\/2715","targetHints":{"allow":["GET"]}}],"collection":[{"href":"https:\/\/www.seguin-moreau.fr\/es\/wp-json\/wp\/v2\/pages"}],"about":[{"href":"https:\/\/www.seguin-moreau.fr\/es\/wp-json\/wp\/v2\/types\/page"}],"author":[{"embeddable":true,"href":"https:\/\/www.seguin-moreau.fr\/es\/wp-json\/wp\/v2\/users\/1"}],"replies":[{"embeddable":true,"href":"https:\/\/www.seguin-moreau.fr\/es\/wp-json\/wp\/v2\/comments?post=2715"}],"version-history":[{"count":12,"href":"https:\/\/www.seguin-moreau.fr\/es\/wp-json\/wp\/v2\/pages\/2715\/revisions"}],"predecessor-version":[{"id":3985,"href":"https:\/\/www.seguin-moreau.fr\/es\/wp-json\/wp\/v2\/pages\/2715\/revisions\/3985"}],"wp:attachment":[{"href":"https:\/\/www.seguin-moreau.fr\/es\/wp-json\/wp\/v2\/media?parent=2715"}],"curies":[{"name":"wp","href":"https:\/\/api.w.org\/{rel}","templated":true}]}}